{"id":10700,"date":"2025-07-10T20:49:17","date_gmt":"2025-07-10T17:49:17","guid":{"rendered":"https:\/\/clinista.com\/accomodation-services\/"},"modified":"2025-07-10T21:07:24","modified_gmt":"2025-07-10T18:07:24","slug":"accomodation-services","status":"publish","type":"page","link":"https:\/\/clinista.com\/it\/accomodation-services\/","title":{"rendered":"Servizi di Alloggio"},"content":{"rendered":"<div class=\"flex basis-auto flex-col -mb-(--composer-overlap-px) [--composer-overlap-px:55px] grow overflow-hidden\">\n<div class=\"relative h-full\">\n<div class=\"flex h-full flex-col overflow-y-auto [scrollbar-gutter:stable_both-edges] @[84rem]\/thread:pt-(--header-height)\">\n<div class=\"@thread-xl\/thread:pt-header-height flex flex-col text-sm\">\n<article class=\"text-token-text-primary w-full\" dir=\"auto\" data-testid=\"conversation-turn-24\" data-scroll-anchor=\"true\">\n<div class=\"text-base my-auto mx-auto py-5 [--thread-content-margin:--spacing(4)] @[37rem]:[--thread-content-margin:--spacing(6)] @[72rem]:[--thread-content-margin:--spacing(16)] px-(--thread-content-margin)\">\n<div class=\"[--thread-content-max-width:32rem] @[34rem]:[--thread-content-max-width:40rem] @[64rem]:[--thread-content-max-width:48rem] mx-auto flex max-w-(--thread-content-max-width) flex-1 text-base gap-4 md:gap-5 lg:gap-6 group\/turn-messages focus-visible:outline-hidden\" tabindex=\"-1\">\n<div class=\"group\/conversation-turn relative flex w-full min-w-0 flex-col agent-turn\">\n<div class=\"relative flex-col gap-1 md:gap-3\">\n<div class=\"flex max-w-full flex-col grow\">\n<div class=\"min-h-8 text-message relative flex w-full flex-col items-end gap-2 text-start break-words whitespace-normal [.text-message+&amp;]:mt-5\" dir=\"auto\" data-message-author-role=\"assistant\" data-message-id=\"9e471ff5-8bb6-4d41-b456-c22b4c62d3b7\" data-message-model-slug=\"gpt-4o\">\n<div class=\"flex w-full flex-col gap-1 empty:hidden first:pt-[3px]\">\n<div class=\"markdown prose dark:prose-invert w-full break-words dark\">\n<p data-start=\"47\" data-end=\"124\"><strong data-start=\"47\" data-end=\"124\">Servizi di Alloggio in Turchia: Comfort e Comodit\u00e0 per i Turisti Sanitari<\/strong><\/p>\n<p data-start=\"126\" data-end=\"593\">La Turchia \u00e8 diventata una delle destinazioni principali per il turismo sanitario, attirando ogni anno migliaia di pazienti internazionali. Mentre ricevono trattamenti medici di alta qualit\u00e0, i pazienti si aspettano anche soluzioni di alloggio confortevoli, sicure e pratiche, che rendano il soggiorno privo di stress. Come parte dei nostri servizi completi di turismo sanitario, offriamo sistemazioni personalizzate in base alle esigenze specifiche di ogni paziente.<\/p>\n<p data-start=\"595\" data-end=\"1016\">Collaboriamo con un&#8217;ampia rete di hotel partner, appartamenti serviti e residenze private situati vicino ai migliori ospedali e cliniche. Che viaggiate da soli, con la famiglia o con accompagnatori, vi garantiamo una sistemazione pulita, moderna e ben attrezzata, in linea con le vostre preferenze e il vostro budget. Dall\u2019hotel di lusso a 5 stelle ai boutique hotel pi\u00f9 accoglienti, offriamo un\u2019ampia variet\u00e0 di opzioni.<\/p>\n<p data-start=\"1018\" data-end=\"1390\">I nostri servizi di alloggio includono anche accoglienza in aeroporto, trasferimenti giornalieri da e per l\u2019ospedale, assistenza multilingue e supporto attivo 24 ore su 24 durante tutto il soggiorno. Comprendiamo quanto sia importante il riposo e il recupero, per questo motivo privilegiamo alloggi tranquilli, igienici e situati in zone centrali e facilmente accessibili.<\/p>\n<p data-start=\"1392\" data-end=\"1682\">Per i trattamenti a lungo termine, proponiamo anche soluzioni di soggiorno prolungato con cucina attrezzata e spazi abitativi pi\u00f9 ampi per un maggiore comfort. Il nostro obiettivo \u00e8 farvi sentire a casa anche lontano da casa \u2014 cos\u00ec da potervi concentrare pienamente sulla vostra guarigione.<\/p>\n<p data-start=\"1684\" data-end=\"2010\" data-is-last-node=\"\" data-is-only-node=\"\">Scegliere la Turchia per le cure mediche significa non solo ricevere assistenza sanitaria d\u2019eccellenza, ma anche godere di una calorosa ospitalit\u00e0, della ricchezza culturale e di soluzioni di alloggio affidabili. Lasciate che ci occupiamo di ogni dettaglio, per offrirvi totale tranquillit\u00e0 durante il vostro percorso di cura.<\/p>\n<\/div>\n<\/div>\n<\/div>\n<\/div>\n<div class=\"flex min-h-[46px] justify-start\">\n<div class=\"touch:-me-2 touch:-ms-3.5 -ms-2.5 -me-1 flex flex-wrap items-center gap-y-4 p-1 select-none touch:w-[calc(100%+--spacing(3.5))] -mt-1 w-[calc(100%+--spacing(2.5))] duration-[1.5s] focus-within:transition-none hover:transition-none pointer-events-none [mask-image:linear-gradient(to_right,black_33%,transparent_66%)] [mask-size:300%_100%] [mask-position:100%_0%] motion-safe:transition-[mask-position] group-hover\/turn-messages:pointer-events-auto group-hover\/turn-messages:[mask-position:0_0] group-focus-within\/turn-messages:pointer-events-auto group-focus-within\/turn-messages:[mask-position:0_0] has-data-[state=open]:pointer-events-auto has-data-[state=open]:[mask-position:0_0]\"><button class=\"text-token-text-secondary hover:bg-token-bg-secondary rounded-lg\" aria-label=\"Kopyala\" aria-selected=\"false\" data-testid=\"copy-turn-action-button\" data-state=\"closed\"><\/button><button class=\"text-token-text-secondary hover:bg-token-bg-secondary rounded-lg\" aria-label=\"\u0130yi yan\u0131t\" aria-selected=\"false\" data-testid=\"good-response-turn-action-button\" data-state=\"closed\"><\/button><button class=\"text-token-text-secondary hover:bg-token-bg-secondary rounded-lg\" aria-label=\"K\u00f6t\u00fc yan\u0131t\" aria-selected=\"false\" data-testid=\"bad-response-turn-action-button\" data-state=\"closed\"><\/button><button class=\"text-token-text-secondary hover:bg-token-bg-secondary rounded-lg\" aria-label=\"Sesli oku\" aria-selected=\"false\" data-testid=\"voice-play-turn-action-button\" data-state=\"closed\"><\/button><button class=\"text-token-text-secondary hover:bg-token-bg-secondary rounded-lg\" aria-label=\"Kanvasta d\u00fczenle\" aria-selected=\"false\" data-state=\"closed\"><\/button><\/p>\n<div class=\"flex items-center\"><\/div>\n<p><button class=\"text-token-text-secondary hover:bg-token-bg-secondary rounded-lg\" aria-label=\"Payla\u015f\" aria-selected=\"false\" data-state=\"closed\"><\/button><\/div>\n<\/div>\n<div class=\"mt-3 w-full empty:hidden\">\n<div class=\"text-center\"><\/div>\n<\/div>\n<\/div>\n<div class=\"aria-live=polite absolute\">\n<div class=\"flex items-center justify-center\"><span class=\"flex items-center gap-1.5\"><span class=\"sr-only whitespace-nowrap! md:not-sr-only\">ChatGPT\u2019ye sor<\/span><\/span><\/div>\n<\/div>\n<\/div>\n<\/div>\n<\/div>\n<\/article>\n<div class=\"pointer-events-none h-px w-px\" aria-hidden=\"true\" data-edge=\"true\"><\/div>\n<div><\/div>\n<\/div>\n<\/div>\n<\/div>\n<\/div>\n<div id=\"thread-bottom-container\" class=\"content-fade relative isolate z-10 w-full basis-auto has-data-has-thread-error:pt-2 has-data-has-thread-error:[box-shadow:var(--sharp-edge-bottom-shadow)] md:border-transparent md:pt-0 dark:border-white\/20 md:dark:border-transparent flex flex-col\">\n<div id=\"thread-bottom\">\n<div class=\"text-base mx-auto [--thread-content-margin:--spacing(4)] @[37rem]:[--thread-content-margin:--spacing(6)] @[72rem]:[--thread-content-margin:--spacing(16)] px-(--thread-content-margin)\">\n<div class=\"[--thread-content-max-width:32rem] @[34rem]:[--thread-content-max-width:40rem] @[64rem]:[--thread-content-max-width:48rem] mx-auto flex max-w-(--thread-content-max-width) flex-1 text-base gap-4 md:gap-5 lg:gap-6\">\n<div class=\"flex justify-center empty:hidden\"><\/div>\n<div class=\"max-xs:[--force-hide-label:none] relative z-1 flex h-full max-w-full flex-1 flex-col\"><button class=\"invisible absolute self-center\" tabindex=\"-1\" name=\"context-connector-pasted-link-popover-trigger\" type=\"button\" aria-hidden=\"true\" aria-haspopup=\"dialog\" aria-expanded=\"false\" aria-controls=\"radix-\u00abr31\u00bb\" data-state=\"closed\"><\/button><\/p>\n<div class=\"absolute start-0 end-0 bottom-full z-20\">\n<div class=\"relative h-full w-full\">\n<div class=\"mb-2 flex flex-col gap-3.5 pt-2\">\n<div>\n<aside class=\"flex w-full items-start gap-4 rounded-3xl border py-4 ps-5 pe-3 text-sm [text-wrap:pretty] lg:mx-auto dark:border-transparent shadow-xxs md:items-center border-token-border-default bg-token-main-surface-primary text-token-text-primary dark:bg-token-main-surface-secondary\">\n<div class=\"flex h-full w-full items-start gap-3 md:items-center\">\n<div class=\"mt-1.5 flex grow items-start gap-4 md:mt-0 md:flex-row md:items-center md:justify-between md:gap-8 flex-col\">\n<div class=\"flex max-w-none flex-col\">\n<h3 class=\"text-sm font-bold text-token-text-primary\">GPT-4o. i\u00e7in Free plan limitini doldurdun<\/h3>\n<div class=\"text-token-text-secondary\">\n<div>Limitin yar\u0131n 01:33 itibar\u0131yla s\u0131f\u0131rlanana kadar yan\u0131tlar ba\u015fka bir model kullanacak.<\/div>\n<\/div>\n<\/div>\n<div class=\"flex shrink-0 gap-2 pb-1 md:pb-0\">\n<div class=\"flex items-center justify-center\">Plus Abonesi Ol<\/div>\n<\/div>\n<\/div>\n<\/div>\n<\/aside>\n<\/div>\n<\/div>\n<\/div>\n<\/div>\n<\/div>\n<\/div>\n<\/div>\n<\/div>\n<\/div>\n","protected":false},"excerpt":{"rendered":"<p>Servizi di Alloggio in Turchia: Comfort e Comodit\u00e0 per i Turisti Sanitari La Turchia \u00e8 diventata una delle destinazioni principali per il turismo sanitario, attirando ogni anno migliaia di pazienti internazionali. Mentre ricevono trattamenti medici di alta qualit\u00e0, i pazienti si aspettano anche soluzioni di alloggio confortevoli, sicure e pratiche, che rendano il soggiorno privo [&hellip;]<\/p>\n","protected":false},"author":1,"featured_media":0,"parent":0,"menu_order":0,"comment_status":"closed","ping_status":"closed","template":"","meta":{"_acf_changed":false,"footnotes":""},"class_list":["post-10700","page","type-page","status-publish","hentry"],"acf":[],"_links":{"self":[{"href":"https:\/\/clinista.com\/it\/wp-json\/wp\/v2\/pages\/10700","targetHints":{"allow":["GET"]}}],"collection":[{"href":"https:\/\/clinista.com\/it\/wp-json\/wp\/v2\/pages"}],"about":[{"href":"https:\/\/clinista.com\/it\/wp-json\/wp\/v2\/types\/page"}],"author":[{"embeddable":true,"href":"https:\/\/clinista.com\/it\/wp-json\/wp\/v2\/users\/1"}],"replies":[{"embeddable":true,"href":"https:\/\/clinista.com\/it\/wp-json\/wp\/v2\/comments?post=10700"}],"version-history":[{"count":0,"href":"https:\/\/clinista.com\/it\/wp-json\/wp\/v2\/pages\/10700\/revisions"}],"wp:attachment":[{"href":"https:\/\/clinista.com\/it\/wp-json\/wp\/v2\/media?parent=10700"}],"curies":[{"name":"wp","href":"https:\/\/api.w.org\/{rel}","templated":true}]}}