{"id":11301,"date":"2025-12-04T21:07:33","date_gmt":"2025-12-04T18:07:33","guid":{"rendered":"https:\/\/clinista.com\/hair-transplant-cost\/"},"modified":"2026-03-02T13:29:51","modified_gmt":"2026-03-02T10:29:51","slug":"hair-transplant-cost","status":"publish","type":"page","link":"https:\/\/clinista.com\/it\/costo-del-trapianto-di-capelli\/","title":{"rendered":"Costo del trapianto di capelli"},"content":{"rendered":"<p>[vc_row][vc_column][vc_empty_space][vc_custom_heading text=&#8221;Costo del trapianto di capelli&#8221; font_container=&#8221;tag:h1|text_align:center&#8221; use_theme_fonts=&#8221;yes&#8221;][vc_empty_space][vc_column_text]<\/p>\n<article class=\"text-token-text-primary w-full focus:outline-none [--shadow-height:45px] has-data-writing-block:pointer-events-none has-data-writing-block:-mt-(--shadow-height) has-data-writing-block:pt-(--shadow-height) [&amp;:has([data-writing-block])&gt;*]:pointer-events-auto scroll-mt-(--header-height)\" dir=\"auto\" tabindex=\"-1\" data-turn-id=\"73073c73-e46b-4da7-ac23-56d55e38de56\" data-testid=\"conversation-turn-7\" data-scroll-anchor=\"false\" data-turn=\"user\"><\/article>\n<article class=\"text-token-text-primary w-full focus:outline-none [--shadow-height:45px] has-data-writing-block:pointer-events-none has-data-writing-block:-mt-(--shadow-height) has-data-writing-block:pt-(--shadow-height) [&amp;:has([data-writing-block])&gt;*]:pointer-events-auto scroll-mt-[calc(var(--header-height)+min(200px,max(70px,20svh)))]\" dir=\"auto\" tabindex=\"-1\" data-turn-id=\"request-WEB:d78796f6-53ff-4f63-ba5a-15746d2c276f-3\" data-testid=\"conversation-turn-8\" data-scroll-anchor=\"true\" data-turn=\"assistant\">\n<div class=\"text-base my-auto mx-auto pb-10 [--thread-content-margin:--spacing(4)] @w-sm\/main:[--thread-content-margin:--spacing(6)] @w-lg\/main:[--thread-content-margin:--spacing(16)] px-(--thread-content-margin)\">\n<div class=\"[--thread-content-max-width:40rem] @w-lg\/main:[--thread-content-max-width:48rem] mx-auto max-w-(--thread-content-max-width) flex-1 group\/turn-messages focus-visible:outline-hidden relative flex w-full min-w-0 flex-col agent-turn\" tabindex=\"-1\">\n<div class=\"flex max-w-full flex-col grow\">\n<div class=\"min-h-8 text-message relative flex w-full flex-col items-end gap-2 text-start break-words whitespace-normal [.text-message+&amp;]:mt-1\" dir=\"auto\" data-message-author-role=\"assistant\" data-message-id=\"e8c9764b-8a7d-4166-9c50-050771f0bd5d\" data-message-model-slug=\"gpt-5-2-thinking\">\n<div class=\"flex w-full flex-col gap-1 empty:hidden first:pt-[1px]\">\n<div class=\"streaming-animation markdown prose dark:prose-invert w-full wrap-break-word light markdown-new-styling\">\n<p data-start=\"0\" data-end=\"223\">Un trapianto di capelli \u00e8 il modo migliore per sostituire i capelli persi o per aumentare la densit\u00e0 nelle aree diradate. \u00c8 una soluzione permanente che pu\u00f2 essere eseguita con la tecnica FUE (Follicular Unit Extraction).<\/p>\n<p data-start=\"225\" data-end=\"432\">Ma qual \u00e8 il costo di un trapianto di capelli? La risposta dipende da diversi fattori, tra cui il luogo in cui viene eseguito l\u2019intervento e il numero di graft (o follicoli) necessari per la tua procedura.<\/p>\n<p data-start=\"434\" data-end=\"471\" data-is-last-node=\"\" data-is-only-node=\"\">Consulta la tabella prezzi qui sotto. I prezzi indicati di seguito si riferiscono al trapianto di capelli in<strong> Turchia<\/strong>. Per ricevere un preventivo per il trapianto di capelli a Roma, contattaci.<\/p>\n<\/div>\n<\/div>\n<\/div>\n<\/div>\n<\/div>\n<\/div>\n<\/article>\n<p>[\/vc_column_text][vc_empty_space][\/vc_column][\/vc_row][vc_row][vc_column width=&#8221;1\/4&#8243;][mvc_price_listing style=&#8221;mega-price-table-5&#8243; price_bg=&#8221;#ffffff&#8221; title_clr=&#8221;#ffffff&#8221; amount_clr=&#8221;#ffffff&#8221; top_bg=&#8221;#0e2b5c&#8221; price_title=&#8221;Trapianto di Capelli FUE Basic&#8221; price_currency=&#8221;\u20ac&#8221; price_amount=&#8221;1499&#8243; price_plan=&#8221;\/ Maximum Graft&#8221; btn_text=&#8221;Prenota ORA&#8221; btn_url=&#8221;url:http%3A%2F%2Fwa.me%2F5513877882|||&#8221; btnsize=&#8221;24&#8243;]<\/p>\n<ul data-start=\"0\" data-end=\"337\" data-is-last-node=\"\" data-is-only-node=\"\">\n<li data-start=\"0\" data-end=\"54\">\n<p data-start=\"2\" data-end=\"54\">Hotel 4 stelle per 2 notti + colazione inclusa<\/p>\n<\/li>\n<li data-start=\"0\" data-end=\"54\">\n<p data-start=\"2\" data-end=\"54\">Medico coinvolto nel monitoraggio e nella supervisione<\/p>\n<\/li>\n<li data-start=\"118\" data-end=\"165\">\n<p data-start=\"120\" data-end=\"165\">Soggiorno gratuito per l\u2019accompagnatore<\/p>\n<\/li>\n<li data-start=\"166\" data-end=\"218\">\n<p data-start=\"168\" data-end=\"218\">Tutti i transfer inclusi (aeroporto \u2194 hotel)<\/p>\n<\/li>\n<li data-start=\"219\" data-end=\"253\">\n<p data-start=\"221\" data-end=\"253\">Test HBV (HBsAg), HCV, HIV<\/p>\n<\/li>\n<li data-start=\"254\" data-end=\"273\">\n<p data-start=\"256\" data-end=\"273\">Kit farmaci<\/p>\n<\/li>\n<li data-start=\"274\" data-end=\"302\">\n<p data-start=\"276\" data-end=\"302\">Kit cura dei capelli<\/p>\n<\/li>\n<li data-start=\"303\" data-end=\"337\" data-is-last-node=\"\">\n<p data-start=\"305\" data-end=\"337\" data-is-last-node=\"\">Diametro punch: 0,75\u20130,85 mm<\/p>\n<\/li>\n<\/ul>\n<p>[\/mvc_price_listing][\/vc_column][vc_column width=&#8221;1\/4&#8243;][mvc_price_listing style=&#8221;mega-price-table-5&#8243; price_bg=&#8221;#ffffff&#8221; title_clr=&#8221;#ffffff&#8221; amount_clr=&#8221;#ffffff&#8221; top_bg=&#8221;#0e2b5c&#8221; price_title=&#8221;Trapianto di Capelli FUE&#8221; price_currency=&#8221;\u20ac&#8221; price_amount=&#8221;2.250&#8243; price_plan=&#8221;\/ Maximum Graft&#8221; btn_text=&#8221;Prenota ORA&#8221; btn_url=&#8221;url:http%3A%2F%2Fwa.me%2F5513877882|||&#8221; btnsize=&#8221;24&#8243;]<\/p>\n<ul>\n<li data-start=\"2\" data-end=\"54\">Hotel 4 stelle per 2 notti + colazione inclusa<\/li>\n<li data-start=\"57\" data-end=\"111\">Medico coinvolto nell\u2019esecuzione delle incisioni<\/li>\n<li data-start=\"114\" data-end=\"159\">Soggiorno gratuito per l\u2019accompagnatore<\/li>\n<li data-start=\"162\" data-end=\"212\">Tutti i transfer inclusi (aeroporto \u2194 hotel)<\/li>\n<li data-start=\"215\" data-end=\"247\">Test HBsAg (HBV), HCV, HIV<\/li>\n<li data-start=\"250\" data-end=\"267\">Kit farmaci<\/li>\n<li data-start=\"270\" data-end=\"296\">Kit cura dei capelli<\/li>\n<li data-start=\"299\" data-end=\"331\">Diametro punch: 0,75\u20130,85 mm<\/li>\n<\/ul>\n<p>[\/mvc_price_listing][\/vc_column][vc_column width=&#8221;1\/4&#8243;][mvc_price_listing style=&#8221;mega-price-table-5&#8243; price_bg=&#8221;#ffffff&#8221; title_clr=&#8221;#ffffff&#8221; amount_clr=&#8221;#ffffff&#8221; top_bg=&#8221;#0e2b5c&#8221; price_title=&#8221;Trapianto di Capelli Micro-Graft&#8221; price_currency=&#8221;\u20ac&#8221; price_amount=&#8221;2.550&#8243; price_plan=&#8221;\/ Maximum Graft&#8221; btn_text=&#8221;Prenota ORA&#8221; btn_url=&#8221;url:http%3A%2F%2Fwa.me%2F905513877882|||&#8221; btnsize=&#8221;24&#8243;]<\/p>\n<article class=\"text-token-text-primary w-full focus:outline-none [--shadow-height:45px] has-data-writing-block:pointer-events-none has-data-writing-block:-mt-(--shadow-height) has-data-writing-block:pt-(--shadow-height) [&amp;:has([data-writing-block])&gt;*]:pointer-events-auto scroll-mt-(--header-height)\" dir=\"auto\" tabindex=\"-1\" data-turn-id=\"4871fc9a-4936-4e77-a6b1-8acd21ea95ff\" data-testid=\"conversation-turn-15\" data-scroll-anchor=\"false\" data-turn=\"user\"><\/article>\n<article class=\"text-token-text-primary w-full focus:outline-none [--shadow-height:45px] has-data-writing-block:pointer-events-none has-data-writing-block:-mt-(--shadow-height) has-data-writing-block:pt-(--shadow-height) [&amp;:has([data-writing-block])&gt;*]:pointer-events-auto scroll-mt-[calc(var(--header-height)+min(200px,max(70px,20svh)))]\" dir=\"auto\" tabindex=\"-1\" data-turn-id=\"request-69a55fd8-e2c8-8397-977b-1c9623900d49-2\" data-testid=\"conversation-turn-16\" data-scroll-anchor=\"true\" data-turn=\"assistant\">\n<div class=\"text-base my-auto mx-auto pb-10 [--thread-content-margin:--spacing(4)] @w-sm\/main:[--thread-content-margin:--spacing(6)] @w-lg\/main:[--thread-content-margin:--spacing(16)] px-(--thread-content-margin)\">\n<div class=\"[--thread-content-max-width:40rem] @w-lg\/main:[--thread-content-max-width:48rem] mx-auto max-w-(--thread-content-max-width) flex-1 group\/turn-messages focus-visible:outline-hidden relative flex w-full min-w-0 flex-col agent-turn\" tabindex=\"-1\">\n<div class=\"flex max-w-full flex-col grow\">\n<div class=\"min-h-8 text-message relative flex w-full flex-col items-end gap-2 text-start break-words whitespace-normal [.text-message+&amp;]:mt-1\" dir=\"auto\" data-message-author-role=\"assistant\" data-message-id=\"860f4b61-c734-4fea-b719-eeff0cc3a93e\" data-message-model-slug=\"gpt-5-2-thinking\">\n<div class=\"flex w-full flex-col gap-1 empty:hidden first:pt-[1px]\">\n<div class=\"streaming-animation markdown prose dark:prose-invert w-full wrap-break-word light markdown-new-styling\">\n<ul data-start=\"0\" data-end=\"460\" data-is-last-node=\"\" data-is-only-node=\"\">\n<li data-start=\"0\" data-end=\"54\">\n<p data-start=\"2\" data-end=\"54\">Hotel 4 stelle per 2 notti + colazione inclusa<\/p>\n<\/li>\n<li data-start=\"55\" data-end=\"111\">\n<p data-start=\"57\" data-end=\"111\">Medico coinvolto nell\u2019esecuzione delle incisioni<\/p>\n<\/li>\n<li data-start=\"112\" data-end=\"159\">\n<p data-start=\"114\" data-end=\"159\">Soggiorno gratuito per l\u2019accompagnatore<\/p>\n<\/li>\n<li data-start=\"160\" data-end=\"212\">\n<p data-start=\"162\" data-end=\"212\">Tutti i transfer inclusi (aeroporto \u2194 hotel)<\/p>\n<\/li>\n<li data-start=\"213\" data-end=\"247\">\n<p data-start=\"215\" data-end=\"247\">Test HBsAg (HBV), HCV, HIV<\/p>\n<\/li>\n<li data-start=\"248\" data-end=\"267\">\n<p data-start=\"250\" data-end=\"267\">Kit farmaci<\/p>\n<\/li>\n<li data-start=\"268\" data-end=\"296\">\n<p data-start=\"270\" data-end=\"296\">Kit cura dei capelli<\/p>\n<\/li>\n<li data-start=\"297\" data-end=\"331\">\n<p data-start=\"299\" data-end=\"331\">Diametro punch: 0,7\u20130,8 mm<\/p>\n<\/li>\n<li data-start=\"332\" data-end=\"422\">\n<p data-start=\"334\" data-end=\"422\">Distribuzione naturale dell\u2019attaccatura con unit\u00e0 follicolari singole (UF singole)<\/p>\n<\/li>\n<li data-start=\"423\" data-end=\"460\" data-is-last-node=\"\">\n<p data-start=\"425\" data-end=\"460\" data-is-last-node=\"\">Megasessione fino a 6.000 graft<\/p>\n<\/li>\n<\/ul>\n<\/div>\n<\/div>\n<\/div>\n<\/div>\n<\/div>\n<\/div>\n<\/article>\n<p>[\/mvc_price_listing][\/vc_column][vc_column width=&#8221;1\/4&#8243;][mvc_price_listing style=&#8221;mega-price-table-5&#8243; price_bg=&#8221;#ffffff&#8221; title_clr=&#8221;#ffffff&#8221; amount_clr=&#8221;#ffffff&#8221; top_bg=&#8221;#0e2b5c&#8221; price_title=&#8221;Trapianto di Capelli V.I.P.&#8221; price_currency=&#8221;\u20ac&#8221; price_amount=&#8221;4.750&#8243; price_plan=&#8221;\/ Maximum Graft&#8221; btn_text=&#8221;Prenota ORA&#8221; btnsize=&#8221;24&#8243; btn_url=&#8221;url:http%3A%2F%2Fwa.me%2F905513877882|||&#8221;]<\/p>\n<ul>\n<li>Hotel 5 stelle per 3 notti + colazione inclusa<\/li>\n<li>Medico coinvolto nell\u2019estrazione (harvesting) e nelle incisioni<\/li>\n<li>Soggiorno gratuito per l\u2019accompagnatore<\/li>\n<li>Tutti i transfer inclusi (aeroporto \u2194 hotel)<\/li>\n<li>Test HBsAg (HBV), HCV, HIV<\/li>\n<li>Kit farmaci<\/li>\n<li>Kit cura dei capelli<\/li>\n<li>Diametro punch: 0,7\u20130,8 mm<\/li>\n<li>Distribuzione naturale dell\u2019attaccatura con unit\u00e0 follicolari singole (UF singole)<\/li>\n<li>Fino a 6.000 follicoli piliferi<\/li>\n<\/ul>\n<p>[\/mvc_price_listing][\/vc_column][\/vc_row][vc_row][vc_column][vc_column_text]<\/p>\n<blockquote>\n<h2>\u201cUn trapianto di capelli \u00e8 un investimento importante per il tuo aspetto, la tua autostima e il tuo stile di vita.\u201d<\/h2>\n<\/blockquote>\n<h2 data-start=\"117\" data-end=\"189\"><strong>Perch\u00e9 scegliere un trapianto di capelli invece di altri trattamenti?<\/strong><\/h2>\n<p data-start=\"190\" data-end=\"424\">Il trapianto di capelli \u00e8 l\u2019unico trattamento in grado di ripristinare i capelli in modo permanente. Se soffri di perdita di capelli e vuoi ritrovare sicurezza in te stesso, questa \u00e8 la scelta pi\u00f9 efficace rispetto alle altre opzioni.<\/p>\n<p data-start=\"426\" data-end=\"546\">Per capire meglio perch\u00e9 il trapianto di capelli \u00e8 la soluzione migliore per un recupero permanente, continua a leggere:<\/p>\n<ul data-start=\"548\" data-end=\"1044\">\n<li data-start=\"548\" data-end=\"795\">\n<p data-start=\"550\" data-end=\"795\"><strong data-start=\"550\" data-end=\"594\">Tratta tutte le aree del cuoio capelluto<\/strong> in cui mancano i follicoli \u2014 non solo un punto specifico come fanno altri trattamenti. Questo lo rende particolarmente efficace anche nei casi di perdita di capelli dovuta a <strong data-start=\"769\" data-end=\"792\">cicatrici o ustioni<\/strong>.<\/p>\n<\/li>\n<li data-start=\"796\" data-end=\"1044\">\n<p data-start=\"798\" data-end=\"1044\">A differenza di alternative come <strong data-start=\"831\" data-end=\"854\">Rogaine (minoxidil)<\/strong>, <strong data-start=\"856\" data-end=\"882\">Propecia (finasteride)<\/strong> o <strong data-start=\"885\" data-end=\"910\">Latisse (bimatoprost)<\/strong>, che possono dare risultati solo in alcune zone e non in altre (anche per una distribuzione non uniforme nelle aree di applicazione).<\/p>\n<\/li>\n<\/ul>\n<h2 data-start=\"1046\" data-end=\"1116\"><strong>Perch\u00e9 il costo del trapianto di capelli \u00e8 diverso in ogni clinica?<\/strong><\/h2>\n<p data-start=\"1117\" data-end=\"1373\">Il prezzo di un trapianto di capelli dipende da diversi fattori. Il primo \u00e8 <strong data-start=\"1193\" data-end=\"1215\">il numero di graft<\/strong> necessari per coprire l\u2019area. Il secondo \u00e8 <strong data-start=\"1259\" data-end=\"1282\">il numero di sedute<\/strong> richieste: alcuni casi possono richiedere pi\u00f9 sessioni per ottenere un risultato ottimale.<\/p>\n<p data-start=\"1375\" data-end=\"1726\">Anche <strong data-start=\"1381\" data-end=\"1395\">la tecnica<\/strong> incide: i trapianti \u201cstrip\u201d tendono a essere pi\u00f9 economici rispetto a FUE\/FUT perch\u00e9 utilizzano un approccio diverso e, in alcuni contesti, possono comportare costi inferiori. Inoltre contano anche <strong data-start=\"1594\" data-end=\"1623\">reputazione ed esperienza<\/strong>: alcune cliniche applicano tariffe pi\u00f9 alte grazie a un\u2019esperienza maggiore e a risultati consolidati.<\/p>\n<p data-start=\"1728\" data-end=\"1835\">Le procedure <strong data-start=\"1741\" data-end=\"1764\">FUE ad alta densit\u00e0<\/strong> possono costare di pi\u00f9 rispetto a quelle che coprono aree pi\u00f9 piccole.<\/p>\n<h2 data-start=\"1837\" data-end=\"1902\"><strong>Quali fattori determinano il costo di un trapianto di capelli?<\/strong><\/h2>\n<p data-start=\"1903\" data-end=\"1955\">Il costo di un trapianto di capelli varia in base a:<\/p>\n<ul data-start=\"1957\" data-end=\"2548\">\n<li data-start=\"1957\" data-end=\"2017\">\n<p data-start=\"1959\" data-end=\"2017\"><strong data-start=\"1959\" data-end=\"1993\">Numero di graft da trapiantare<\/strong> (fattore principale).<\/p>\n<\/li>\n<li data-start=\"2018\" data-end=\"2081\">\n<p data-start=\"2020\" data-end=\"2081\"><strong data-start=\"2020\" data-end=\"2055\">Estensione dell\u2019area da coprire<\/strong> e obiettivo di densit\u00e0.<\/p>\n<\/li>\n<li data-start=\"2082\" data-end=\"2143\">\n<p data-start=\"2084\" data-end=\"2143\"><strong data-start=\"2084\" data-end=\"2123\">Caratteristiche dell\u2019area donatrice<\/strong> (zona donatrice).<\/p>\n<\/li>\n<li data-start=\"2144\" data-end=\"2212\">\n<p data-start=\"2146\" data-end=\"2212\"><strong data-start=\"2146\" data-end=\"2179\">Numero di sessioni necessarie<\/strong> per completare il trattamento.<\/p>\n<\/li>\n<li data-start=\"2213\" data-end=\"2286\">\n<p data-start=\"2215\" data-end=\"2286\"><strong data-start=\"2215\" data-end=\"2237\">Tecnica utilizzata<\/strong> (ad es. FUE\/FUT\/strip) e complessit\u00e0 del caso.<\/p>\n<\/li>\n<li data-start=\"2287\" data-end=\"2344\">\n<p data-start=\"2289\" data-end=\"2344\"><strong data-start=\"2289\" data-end=\"2316\">Esperienza del chirurgo<\/strong> e standard della clinica.<\/p>\n<\/li>\n<li data-start=\"2345\" data-end=\"2447\">\n<p data-start=\"2347\" data-end=\"2447\"><strong data-start=\"2347\" data-end=\"2380\">Servizi inclusi nel pacchetto<\/strong> (hotel, transfer, esami, kit farmaci, kit hair-care, follow-up).<\/p>\n<\/li>\n<li data-start=\"2448\" data-end=\"2548\">\n<p data-start=\"2450\" data-end=\"2548\"><strong data-start=\"2450\" data-end=\"2461\">Farmaci<\/strong>: alcune cliniche li includono nel preventivo, altre li fanno acquistare separatamente.<\/p>\n<\/li>\n<\/ul>\n<h2 data-start=\"2550\" data-end=\"2569\"><strong>Fascia di prezzo<\/strong><\/h2>\n<p data-start=\"2570\" data-end=\"2831\">In generale, un trapianto di capelli pu\u00f2 costare <strong data-start=\"2619\" data-end=\"2643\">tra 2.000 e 15.000 $<\/strong>, a seconda dei fattori sopra indicati. Il prezzo finale \u00e8 spesso calcolato in base ai graft: ad esempio, se servono <strong data-start=\"2760\" data-end=\"2775\">1.000 graft<\/strong> e il costo \u00e8 <strong data-start=\"2789\" data-end=\"2802\">3 $\/graft<\/strong>, il totale sar\u00e0 <strong data-start=\"2819\" data-end=\"2830\">3.000 $<\/strong>.<\/p>\n<h2 data-start=\"2833\" data-end=\"2847\"><strong>Conclusione<\/strong><\/h2>\n<p data-start=\"2848\" data-end=\"3119\" data-is-last-node=\"\" data-is-only-node=\"\">In conclusione, il costo di un trapianto di capelli varia soprattutto in base al <strong data-start=\"2929\" data-end=\"2948\">numero di graft<\/strong> necessari per coprire l\u2019area desiderata e ai servizi inclusi. Per ricevere un <strong data-start=\"3027\" data-end=\"3066\">piano di trattamento personalizzato<\/strong> in base alla tua perdita di capelli, <a href=\"https:\/\/clinista.com\/it\/contatto\/\"><strong data-start=\"3104\" data-end=\"3118\">contattaci<\/strong>.<\/a><\/p>\n<p>[\/vc_column_text][\/vc_column][\/vc_row]<\/p>\n","protected":false},"excerpt":{"rendered":"<p>[vc_row][vc_column][vc_empty_space][vc_custom_heading text=&#8221;Costo del trapianto di capelli&#8221; font_container=&#8221;tag:h1|text_align:center&#8221; use_theme_fonts=&#8221;yes&#8221;][vc_empty_space][vc_column_text] Un trapianto di capelli \u00e8 il modo migliore per sostituire i capelli persi o per aumentare la densit\u00e0 nelle aree diradate. \u00c8 una soluzione permanente che pu\u00f2 essere eseguita con la tecnica FUE (Follicular Unit Extraction). Ma qual \u00e8 il costo di un trapianto di capelli? La [&hellip;]<\/p>\n","protected":false},"author":1,"featured_media":0,"parent":0,"menu_order":0,"comment_status":"closed","ping_status":"closed","template":"","meta":{"_acf_changed":false,"footnotes":""},"class_list":["post-11301","page","type-page","status-publish","hentry"],"acf":[],"_links":{"self":[{"href":"https:\/\/clinista.com\/it\/wp-json\/wp\/v2\/pages\/11301","targetHints":{"allow":["GET"]}}],"collection":[{"href":"https:\/\/clinista.com\/it\/wp-json\/wp\/v2\/pages"}],"about":[{"href":"https:\/\/clinista.com\/it\/wp-json\/wp\/v2\/types\/page"}],"author":[{"embeddable":true,"href":"https:\/\/clinista.com\/it\/wp-json\/wp\/v2\/users\/1"}],"replies":[{"embeddable":true,"href":"https:\/\/clinista.com\/it\/wp-json\/wp\/v2\/comments?post=11301"}],"version-history":[{"count":0,"href":"https:\/\/clinista.com\/it\/wp-json\/wp\/v2\/pages\/11301\/revisions"}],"wp:attachment":[{"href":"https:\/\/clinista.com\/it\/wp-json\/wp\/v2\/media?parent=11301"}],"curies":[{"name":"wp","href":"https:\/\/api.w.org\/{rel}","templated":true}]}}