{"id":11370,"date":"2022-04-29T17:30:58","date_gmt":"2022-04-29T14:30:58","guid":{"rendered":"https:\/\/clinista.com\/fue-hair-transplant\/"},"modified":"2026-03-24T19:57:39","modified_gmt":"2026-03-24T16:57:39","slug":"fue-hair-transplant","status":"publish","type":"page","link":"https:\/\/clinista.com\/it\/trapianto-di-capelli-fue\/","title":{"rendered":"Trapianto di Capelli FUE in Turchia"},"content":{"rendered":"<h1 data-start=\"0\" data-end=\"50\"><strong data-start=\"0\" data-end=\"50\">Trapianto di Capelli FUE in Turchia (Istanbul)<\/strong><\/h1>\n<p data-start=\"52\" data-end=\"315\">Il trapianto di capelli FUE \u00e8 oggi la tecnica di ripristino dei capelli pi\u00f9 richiesta. Utilizzando micro-punch, le unit\u00e0 follicolari individuali vengono prelevate generalmente dall\u2019area donatrice geneticamente resistente e trapiantate nelle zone diradate o calve.<\/p>\n<p data-start=\"317\" data-end=\"739\">Nel trapianto FUE vengono utilizzati diversi diametri di punch, solitamente tra 0,6 e 0,9 mm, permettendo un\u2019estrazione precisa, preservando la densit\u00e0 dell\u2019area donatrice e ottenendo un risultato naturale. Le micro-ferite della zona donatrice si chiudono generalmente entro 24\u201348 ore, la maggior parte dei pazienti torna al lavoro entro il 3\u00b0 giorno e le normali attivit\u00e0 quotidiane vengono riprese entro circa 10 giorni.<\/p>\n<h2 data-section-id=\"q92g42\" data-start=\"746\" data-end=\"779\"><span role=\"text\"><strong data-start=\"750\" data-end=\"779\">Cosa include il pacchetto<\/strong><\/span><\/h2>\n<p data-start=\"781\" data-end=\"982\">I pacchetti possono essere personalizzati e preparati individualmente. Per i pazienti che arrivano dall\u2019estero, possiamo organizzare completamente hotel e trasferimenti tra aeroporto, hotel e ospedale.<\/p>\n<p data-start=\"984\" data-end=\"1072\">A seconda della procedura pianificata, il soggiorno minimo consigliato \u00e8 di 2 o 3 notti.<\/p>\n<p data-start=\"1074\" data-end=\"1095\">Il pacchetto include:<\/p>\n<ul data-start=\"1097\" data-end=\"1317\">\n<li data-section-id=\"1o54vry\" data-start=\"1097\" data-end=\"1131\">Esami del sangue pre-operatori<\/li>\n<li data-section-id=\"1yuu5ym\" data-start=\"1132\" data-end=\"1168\">Ricovero ospedaliero in giornata<\/li>\n<li data-section-id=\"1ic1cai\" data-start=\"1169\" data-end=\"1193\">Procedura chirurgica<\/li>\n<li data-section-id=\"1k5whb3\" data-start=\"1194\" data-end=\"1234\">Farmaci e trattamenti post-operatori<\/li>\n<li data-section-id=\"x3pymg\" data-start=\"1235\" data-end=\"1317\">Primo lavaggio e controlli a 1, 3, 6 e 12 mesi eseguiti dal nostro team medico<\/li>\n<\/ul>\n<h2 data-section-id=\"jxnxan\" data-start=\"1324\" data-end=\"1369\"><span role=\"text\"><strong data-start=\"1328\" data-end=\"1369\">Quanto tempo devo restare a Istanbul?<\/strong><\/span><\/h2>\n<p data-start=\"1371\" data-end=\"1585\">La maggior parte dei pazienti rimane almeno 2 notti. Tuttavia, spesso si preferiscono 3 notti per consentire un recupero iniziale pi\u00f9 confortevole e completare le prime istruzioni post-operatorie prima del rientro.<\/p>\n<h2 data-section-id=\"h47mcd\" data-start=\"1592\" data-end=\"1652\"><span role=\"text\"><strong data-start=\"1596\" data-end=\"1652\">Fattori di costo del trapianto FUE in Turchia (2026)<\/strong><\/span><\/h2>\n<p data-start=\"1654\" data-end=\"1692\">Il costo totale pu\u00f2 variare in base a:<\/p>\n<ul data-start=\"1694\" data-end=\"2031\">\n<li data-section-id=\"1auhvyu\" data-start=\"1694\" data-end=\"1783\">Struttura in cui viene eseguita la procedura (ospedale, clinica, centro medico, ecc.)<\/li>\n<li data-section-id=\"1rx7k21\" data-start=\"1784\" data-end=\"1831\">Citt\u00e0 e distretto della struttura sanitaria<\/li>\n<li data-section-id=\"96me0a\" data-start=\"1832\" data-end=\"1881\">Esperienza del medico che esegue la procedura<\/li>\n<li data-section-id=\"45fhvq\" data-start=\"1882\" data-end=\"1904\">Tecnica utilizzata<\/li>\n<li data-section-id=\"1yng1jn\" data-start=\"1905\" data-end=\"1965\">Esami e trattamenti aggiuntivi prima e dopo l\u2019intervento<\/li>\n<li data-section-id=\"yg9xoe\" data-start=\"1966\" data-end=\"2012\">Durata del soggiorno, alloggio e trasporti<\/li>\n<li data-section-id=\"1wwgqe0\" data-start=\"2013\" data-end=\"2031\">Costo dei voli<\/li>\n<\/ul>\n<h2 data-section-id=\"exa1vy\" data-start=\"2038\" data-end=\"2069\"><span role=\"text\"><strong data-start=\"2042\" data-end=\"2069\">Cos\u2019\u00e8 il trapianto FUE?<\/strong><\/span><\/h2>\n<p data-start=\"2071\" data-end=\"2335\">La Follicular Unit Extraction (FUE) \u00e8 una tecnica minimamente invasiva in cui le unit\u00e0 follicolari vengono prelevate una per una dall\u2019area donatrice\u2014solitamente la zona permanente nella parte posteriore del cuoio capelluto\u2014e impiantate nelle aree diradate o calve.<\/p>\n<p data-start=\"2337\" data-end=\"2468\">La procedura viene eseguita in anestesia locale e dura generalmente 5\u20138 ore, a seconda del numero di graft e dell\u2019area da trattare.<\/p>\n<h2 data-section-id=\"rwdd1e\" data-start=\"2475\" data-end=\"2507\"><span role=\"text\"><strong data-start=\"2479\" data-end=\"2507\">Cos\u2019\u00e8 la Micro-Graft FUE<\/strong><\/span><\/h2>\n<ul data-start=\"2509\" data-end=\"2726\">\n<li data-section-id=\"1u1866h\" data-start=\"2509\" data-end=\"2541\">Eseguita in anestesia locale<\/li>\n<li data-section-id=\"1c343v\" data-start=\"2542\" data-end=\"2567\">Durata media: 6\u20137 ore<\/li>\n<li data-section-id=\"1l6l0bj\" data-start=\"2568\" data-end=\"2630\">Utilizzo di micro-punch di terza generazione da 0,6\u20130,7 mm<\/li>\n<li data-section-id=\"1wetj4d\" data-start=\"2631\" data-end=\"2676\">Chiusura dell\u2019area donatrice in 48\u201372 ore<\/li>\n<li data-section-id=\"1nu0ynx\" data-start=\"2677\" data-end=\"2726\">Minore trauma tissutale e recupero pi\u00f9 rapido<\/li>\n<\/ul>\n<p data-start=\"2728\" data-end=\"2862\">La crescita iniziale pu\u00f2 iniziare dopo 3\u20134 mesi, un miglioramento visibile intorno ai 6 mesi e la maturazione completa fino a 12 mesi.<\/p>\n<h2 data-section-id=\"dnzoob\" data-start=\"2869\" data-end=\"2913\"><span role=\"text\"><strong data-start=\"2873\" data-end=\"2913\">FUE vs DHI: quale tecnica scegliere?<\/strong><\/span><\/h2>\n<p data-start=\"2915\" data-end=\"3113\">Nella tecnica FUE, i follicoli vengono impiantati in canali creati con strumenti chirurgici. Nella tecnica DHI, i follicoli vengono inseriti direttamente tramite dispositivi chiamati Choi implanter.<\/p>\n<ul data-start=\"3115\" data-end=\"3250\">\n<li data-section-id=\"11yy713\" data-start=\"3115\" data-end=\"3175\">FUE: preferita per aree ampie e maggiore numero di graft<\/li>\n<li data-section-id=\"y6u0aa\" data-start=\"3176\" data-end=\"3250\">DHI: adatta per aree pi\u00f9 piccole e quando si vuole ridurre la rasatura<\/li>\n<\/ul>\n<h2 data-section-id=\"16ntury\" data-start=\"3257\" data-end=\"3295\"><span role=\"text\"><strong data-start=\"3261\" data-end=\"3295\">Trapianto FUE passo dopo passo<\/strong><\/span><\/h2>\n<ul data-start=\"3297\" data-end=\"3894\">\n<li data-section-id=\"pdj0uk\" data-start=\"3297\" data-end=\"3371\"><strong data-start=\"3299\" data-end=\"3315\">Valutazione:<\/strong> analisi della storia clinica e del pattern di perdita<\/li>\n<li data-section-id=\"p3ar4k\" data-start=\"3372\" data-end=\"3419\"><strong data-start=\"3374\" data-end=\"3391\">Preparazione:<\/strong> istruzioni pre-operatorie<\/li>\n<li data-section-id=\"slxk3g\" data-start=\"3420\" data-end=\"3493\"><strong data-start=\"3422\" data-end=\"3446\">Accettazione e test:<\/strong> esami e preparazione in ambiente ospedaliero<\/li>\n<li data-section-id=\"3unbkk\" data-start=\"3494\" data-end=\"3544\"><strong data-start=\"3496\" data-end=\"3524\">Pianificazione rasatura:<\/strong> totale o parziale<\/li>\n<li data-section-id=\"1asfako\" data-start=\"3545\" data-end=\"3604\"><strong data-start=\"3547\" data-end=\"3568\">Anestesia locale:<\/strong> inizio estrazione con micro-punch<\/li>\n<li data-section-id=\"w5qrz9\" data-start=\"3605\" data-end=\"3666\"><strong data-start=\"3607\" data-end=\"3626\">Gestione graft:<\/strong> conservazione in soluzioni protettive<\/li>\n<li data-section-id=\"t287xv\" data-start=\"3667\" data-end=\"3720\"><strong data-start=\"3669\" data-end=\"3698\">Anestesia area ricevente:<\/strong> apertura dei canali<\/li>\n<li data-section-id=\"1ajln3c\" data-start=\"3721\" data-end=\"3775\"><strong data-start=\"3723\" data-end=\"3736\">Impianto:<\/strong> inserimento dei follicoli uno ad uno<\/li>\n<li data-section-id=\"jcb6hd\" data-start=\"3776\" data-end=\"3837\"><strong data-start=\"3778\" data-end=\"3794\">Medicazioni:<\/strong> farmaci e protezione dell\u2019area donatrice<\/li>\n<li data-section-id=\"eh0ra9\" data-start=\"3838\" data-end=\"3894\"><strong data-start=\"3840\" data-end=\"3859\">Primo lavaggio:<\/strong> istruzioni per i primi 10 giorni<\/li>\n<\/ul>\n<h2 data-section-id=\"1vfitma\" data-start=\"3901\" data-end=\"3935\"><span role=\"text\"><strong data-start=\"3905\" data-end=\"3935\">Vantaggi del trapianto FUE<\/strong><\/span><\/h2>\n<ul data-start=\"3937\" data-end=\"4057\">\n<li data-section-id=\"1ca8skl\" data-start=\"3937\" data-end=\"3958\">Guarigione rapida<\/li>\n<li data-section-id=\"z64s3p\" data-start=\"3959\" data-end=\"3991\">Croste cadono in 8\u201310 giorni<\/li>\n<li data-section-id=\"1ytbn3y\" data-start=\"3992\" data-end=\"4025\">Crescita inizia dopo 3\u20134 mesi<\/li>\n<li data-section-id=\"1llfvzm\" data-start=\"4026\" data-end=\"4057\">Dolore e complicanze minimi<\/li>\n<\/ul>\n<p data-start=\"4059\" data-end=\"4131\">I risultati appaiono naturali e permanenti nella maggior parte dei casi.<\/p>\n<h2 data-section-id=\"hl281d\" data-start=\"4138\" data-end=\"4170\"><span role=\"text\"><strong data-start=\"4142\" data-end=\"4170\">Quanti graft mi servono?<\/strong><\/span><\/h2>\n<p data-start=\"4172\" data-end=\"4183\">Dipende da:<\/p>\n<ul data-start=\"4185\" data-end=\"4300\">\n<li data-section-id=\"1lm3ztv\" data-start=\"4185\" data-end=\"4219\">Dimensione dell\u2019area ricevente<\/li>\n<li data-section-id=\"1iptl7r\" data-start=\"4220\" data-end=\"4252\">Capacit\u00e0 dell\u2019area donatrice<\/li>\n<li data-section-id=\"izhrnn\" data-start=\"4253\" data-end=\"4277\">Spessore del capello<\/li>\n<li data-section-id=\"1ivh7x1\" data-start=\"4278\" data-end=\"4300\">Densit\u00e0 desiderata<\/li>\n<\/ul>\n<p data-start=\"4302\" data-end=\"4398\">Generalmente tra 25\u201340 graft\/cm\u00b2. Il numero definitivo viene stabilito dopo valutazione clinica.<\/p>\n<h2 data-section-id=\"1y0je0g\" data-start=\"4405\" data-end=\"4445\"><span role=\"text\"><strong data-start=\"4409\" data-end=\"4445\">Chi \u00e8 un buon candidato per FUE?<\/strong><\/span><\/h2>\n<ul data-start=\"4447\" data-end=\"4566\">\n<li data-section-id=\"z8j2ea\" data-start=\"4447\" data-end=\"4504\"><strong data-start=\"4449\" data-end=\"4468\">Perdita attiva:<\/strong> richiede terapia medica associata<\/li>\n<li data-section-id=\"dnhtzu\" data-start=\"4505\" data-end=\"4566\"><strong data-start=\"4507\" data-end=\"4527\">Perdita stabile:<\/strong> risultati pi\u00f9 prevedibili e duraturi<\/li>\n<\/ul>\n<h2 data-section-id=\"osn9ep\" data-start=\"4573\" data-end=\"4616\"><span role=\"text\"><strong data-start=\"4577\" data-end=\"4616\">Risultati e aspettative realistiche<\/strong><\/span><\/h2>\n<p data-start=\"4618\" data-end=\"4713\">Un trapianto FUE pu\u00f2 ripristinare circa il 50\u201360% della densit\u00e0 nelle aree completamente calve.<\/p>\n<p data-start=\"4715\" data-end=\"4733\">Fattori influenti:<\/p>\n<ul data-start=\"4735\" data-end=\"4812\">\n<li data-section-id=\"171xzsp\" data-start=\"4735\" data-end=\"4742\">Et\u00e0<\/li>\n<li data-section-id=\"1d7znwg\" data-start=\"4743\" data-end=\"4767\">Spessore dei capelli<\/li>\n<li data-section-id=\"1gm9acg\" data-start=\"4768\" data-end=\"4790\">Colore della pelle<\/li>\n<li data-section-id=\"1c3owas\" data-start=\"4791\" data-end=\"4812\">Densit\u00e0 donatrice<\/li>\n<\/ul>\n<p data-start=\"4814\" data-end=\"4874\">Una densit\u00e0 del 60% appare spesso naturale all\u2019occhio umano.<\/p>\n<h2 data-section-id=\"esqe7c\" data-start=\"4881\" data-end=\"4912\"><span role=\"text\"><strong data-start=\"4885\" data-end=\"4912\">FAQ \u2013 Domande frequenti<\/strong><\/span><\/h2>\n<h3 data-start=\"4914\" data-end=\"5017\"><strong data-start=\"4914\" data-end=\"4956\">Si pu\u00f2 ottenere un risultato naturale?<\/strong><\/h3>\n<p data-start=\"4914\" data-end=\"5017\">S\u00ec, con una corretta pianificazione e un chirurgo esperto.<\/p>\n<h3 data-start=\"5019\" data-end=\"5089\"><strong data-start=\"5019\" data-end=\"5034\">\u00c8 doloroso?<\/strong><\/h3>\n<p data-start=\"5019\" data-end=\"5089\">No, grazie all\u2019anestesia moderna il dolore \u00e8 minimo.<\/p>\n<h3 data-start=\"5091\" data-end=\"5161\"><strong data-start=\"5091\" data-end=\"5126\">Quando torno alla vita normale?<\/strong><\/h3>\n<p data-start=\"5091\" data-end=\"5161\">Generalmente entro pochi giorni.<\/p>\n<h3 data-start=\"5163\" data-end=\"5236\"><strong data-start=\"5163\" data-end=\"5189\">Cadono i capelli dopo?<\/strong><\/h3>\n<p data-start=\"5163\" data-end=\"5236\">S\u00ec, pu\u00f2 verificarsi \u201cshock loss\u201d temporaneo.<\/p>\n<h3 data-start=\"5238\" data-end=\"5300\"><strong data-start=\"5238\" data-end=\"5267\">\u00c8 sicuro sopra i 40 anni?<\/strong><\/h3>\n<p data-start=\"5238\" data-end=\"5300\">S\u00ec, previa valutazione medica.<\/p>\n<h3 data-start=\"5302\" data-end=\"5364\"><strong data-start=\"5302\" data-end=\"5329\">Se la perdita \u00e8 attiva?<\/strong><\/h3>\n<p data-start=\"5302\" data-end=\"5364\">Va combinato con terapia medica.<\/p>\n<h3 data-start=\"5366\" data-end=\"5451\"><strong data-start=\"5366\" data-end=\"5396\">Quando crescono i capelli?<\/strong><\/h3>\n<p data-start=\"5366\" data-end=\"5451\">3\u20136 mesi iniziali, risultati completi in 12\u201315 mesi.<\/p>\n<h3 data-start=\"5453\" data-end=\"5540\"><strong data-start=\"5453\" data-end=\"5497\">Tutti i tipi di perdita sono trattabili?<\/strong><\/h3>\n<p data-start=\"5453\" data-end=\"5540\">No, \u00e8 necessaria diagnosi specialistica.<\/p>\n<h3 data-start=\"5542\" data-end=\"5625\"><strong data-start=\"5542\" data-end=\"5583\">Tutti i capelli trapiantati crescono?<\/strong><\/h3>\n<p data-start=\"5542\" data-end=\"5625\">85\u201390% frontalmente, 60\u201370% nel vertex.<\/p>\n<h2 data-start=\"5632\" data-end=\"5851\"><strong data-start=\"5632\" data-end=\"5652\">Revisore medico:<\/strong><\/h2>\n<p data-start=\"5632\" data-end=\"5851\" data-is-last-node=\"\" data-is-only-node=\"\"><em>Dr. O. G\u00fcrcan Ergen, MD, PhD, MSc.<\/em><br data-start=\"5689\" data-end=\"5692\" \/><em>Chirurgo del trapianto di capelli \u2013 Tricologia \u2013 Sanit\u00e0 pubblica \u2013 Health Management<\/em><br data-start=\"5776\" data-end=\"5779\" \/><em>Clinista Hair Transplant Turkey<\/em><br data-start=\"5810\" data-end=\"5813\" \/><em>Ultima revisione medica: Dicembre 2025<\/em><\/p>\n","protected":false},"excerpt":{"rendered":"<p>Trapianto di Capelli FUE in Turchia (Istanbul) Il trapianto di capelli FUE \u00e8 oggi la tecnica di ripristino dei capelli pi\u00f9 richiesta. Utilizzando micro-punch, le unit\u00e0 follicolari individuali vengono prelevate generalmente dall\u2019area donatrice geneticamente resistente e trapiantate nelle zone diradate o calve. Nel trapianto FUE vengono utilizzati diversi diametri di punch, solitamente tra 0,6 e [&hellip;]<\/p>\n","protected":false},"author":1,"featured_media":10444,"parent":0,"menu_order":0,"comment_status":"closed","ping_status":"closed","template":"","meta":{"_acf_changed":false,"footnotes":""},"class_list":["post-11370","page","type-page","status-publish","has-post-thumbnail","hentry"],"acf":[],"_links":{"self":[{"href":"https:\/\/clinista.com\/it\/wp-json\/wp\/v2\/pages\/11370","targetHints":{"allow":["GET"]}}],"collection":[{"href":"https:\/\/clinista.com\/it\/wp-json\/wp\/v2\/pages"}],"about":[{"href":"https:\/\/clinista.com\/it\/wp-json\/wp\/v2\/types\/page"}],"author":[{"embeddable":true,"href":"https:\/\/clinista.com\/it\/wp-json\/wp\/v2\/users\/1"}],"replies":[{"embeddable":true,"href":"https:\/\/clinista.com\/it\/wp-json\/wp\/v2\/comments?post=11370"}],"version-history":[{"count":0,"href":"https:\/\/clinista.com\/it\/wp-json\/wp\/v2\/pages\/11370\/revisions"}],"wp:featuredmedia":[{"embeddable":true,"href":"https:\/\/clinista.com\/it\/wp-json\/wp\/v2\/media\/10444"}],"wp:attachment":[{"href":"https:\/\/clinista.com\/it\/wp-json\/wp\/v2\/media?parent=11370"}],"curies":[{"name":"wp","href":"https:\/\/api.w.org\/{rel}","templated":true}]}}