{"id":10672,"date":"2025-07-08T13:00:49","date_gmt":"2025-07-08T10:00:49","guid":{"rendered":"https:\/\/clinista.com\/health-tourism\/"},"modified":"2025-07-10T15:30:33","modified_gmt":"2025-07-10T12:30:33","slug":"health-tourism","status":"publish","type":"page","link":"https:\/\/clinista.com\/tr\/health-tourism\/","title":{"rendered":"Health Tourism"},"content":{"rendered":"<p>[vc_row][vc_column][vc_custom_heading text=&#8221;Hakk\u0131m\u0131zda&#8221; use_theme_fonts=&#8221;yes&#8221;][vc_column_text]Clinista, 2014 y\u0131l\u0131ndan bu yana \u0130stanbul\u2019un se\u00e7kin lokasyonlar\u0131ndan biri olan Ba\u011fdat Caddesi \u2013 Suadiye\u2019de faaliyet g\u00f6stermektedir. T\u00fcm i\u015flemlerimiz s\u00f6zle\u015fmeli oldu\u011fumuz hastanelerde, uzman doktorlar ve sa\u011fl\u0131k personeli e\u015fli\u011finde ger\u00e7ekle\u015ftirilmektedir.<br data-start=\"410\" data-end=\"413\" \/>T.C. Sa\u011fl\u0131k Bakanl\u0131\u011f\u0131 taraf\u0131ndan verilen <strong data-start=\"454\" data-end=\"499\">Uluslararas\u0131 Sa\u011fl\u0131k Turizmi Yetki Belgesi<\/strong> ile, yurt d\u0131\u015f\u0131ndan gelen hastalar\u0131m\u0131za yasal, g\u00fcvenli ve etik kurallara uygun bir \u015fekilde hizmet sunmaktay\u0131z.[\/vc_column_text][vc_empty_space][\/vc_column][\/vc_row][vc_row][vc_column][vc_custom_heading text=&#8221;Hizmetlerimiz&#8221; use_theme_fonts=&#8221;yes&#8221;][vc_column_text]<\/p>\n<p data-start=\"58\" data-end=\"359\"><strong data-start=\"58\" data-end=\"118\">Sa\u011fl\u0131k Hizmetleri \u2013 Sa\u011fl\u0131k Turizmi Acentas\u0131 Faaliyetleri<\/strong><br data-start=\"118\" data-end=\"121\" \/>Yurt d\u0131\u015f\u0131ndan gelen hastalara, tedavi s\u00fcre\u00e7lerinin her a\u015famas\u0131nda profesyonel dan\u0131\u015fmanl\u0131k sa\u011fl\u0131yoruz. Hangi tedavinin nerede, nas\u0131l ve ne \u015fartlarda yap\u0131laca\u011f\u0131 konusunda bilgi veriyor, hasta ile sa\u011fl\u0131k kurulu\u015flar\u0131 aras\u0131nda k\u00f6pr\u00fc kuruyoruz.<\/p>\n<p data-start=\"361\" data-end=\"561\"><strong data-start=\"361\" data-end=\"393\">Bilet ve Transfer Hizmetleri<\/strong><br data-start=\"393\" data-end=\"396\" \/>Hastalar\u0131m\u0131z\u0131n u\u00e7u\u015f planlamas\u0131n\u0131 yap\u0131yor, var\u0131\u015f noktalar\u0131ndan konaklama ve hastaneye kadar olan t\u00fcm ula\u015f\u0131m s\u00fcre\u00e7lerini konforlu ve g\u00fcvenli \u015fekilde organize ediyoruz.<\/p>\n<p data-start=\"563\" data-end=\"732\"><strong data-start=\"563\" data-end=\"591\">Sa\u011fl\u0131k Turizmi Sigortas\u0131<\/strong><br data-start=\"591\" data-end=\"594\" \/>Tedavi s\u00fcrecinde ya\u015fanabilecek olumsuzluklara kar\u015f\u0131 hastalar\u0131m\u0131z\u0131 g\u00fcvence alt\u0131na alan \u00f6zel sa\u011fl\u0131k turizmi sigortas\u0131 se\u00e7enekleri sunuyoruz.<\/p>\n<p data-start=\"734\" data-end=\"904\"><strong data-start=\"734\" data-end=\"747\">Konaklama<\/strong><br data-start=\"747\" data-end=\"750\" \/>Tedavi s\u00fcresince hastalar\u0131m\u0131z\u0131n ve refakat\u00e7ilerinin rahat etmesini sa\u011flayacak, konforlu ve hastaneye yak\u0131n otel veya rezidans konaklamalar\u0131n\u0131 planl\u0131yoruz.<\/p>\n<p>[\/vc_column_text][vc_empty_space][\/vc_column][\/vc_row][vc_row][vc_column][vc_custom_heading text=&#8221;\u0130leti\u015fim&#8221; use_theme_fonts=&#8221;yes&#8221;][vc_column_text]<\/p>\n<p data-start=\"1817\" data-end=\"1955\">\ud83d\udccd Adres: Bagdat Street, Suadiye \/ Istanbul<br data-start=\"1862\" data-end=\"1865\" \/>\ud83d\udcde Telefon: +90 551 387 7882<br data-start=\"1892\" data-end=\"1895\" \/>\ud83d\udce7 Email: <a class=\"cursor-pointer\" rel=\"noopener\" data-start=\"1905\" data-end=\"1922\">info@clinista.com<\/a><br data-start=\"1922\" data-end=\"1925\" \/>\ud83c\udf10 Websayfas\u0131: <a class=\"\" href=\"https:\/\/clinista.com\" target=\"_new\" rel=\"noopener\" data-start=\"1937\" data-end=\"1953\">www.clinista.com<\/a><\/p>\n<p>[\/vc_column_text][vc_empty_space][\/vc_column][\/vc_row][vc_row][vc_column][vc_gmaps link=&#8221;#E-8_JTNDaWZyYW1lJTIwc3JjJTNEJTIyaHR0cHMlM0ElMkYlMkZ3d3cuZ29vZ2xlLmNvbSUyRm1hcHMlMkZlbWJlZCUzRnBiJTNEJTIxMW0xOCUyMTFtMTIlMjExbTMlMjExZDMwMTcuMzI4OTkxNDkwNTQwNCUyMTJkMjkuMjkzNDI2OTE1Mzc1NjA1JTIxM2Q0MC44NjQ2NTM3NzkzMTU1MyUyMTJtMyUyMTFmMCUyMTJmMCUyMTNmMCUyMTNtMiUyMTFpMTAyNCUyMTJpNzY4JTIxNGYxMy4xJTIxM20zJTIxMW0yJTIxMXMweDE0Y2FjNzBiNzEwNTdjYzMlMjUzQTB4OGVjYTdmOTk1MTQwZDFkJTIxMnNDbGluaXN0YSUyQlVsdXNsYXJhcmFzJTI1QzQlMjVCMSUyQlNhJTI1QzMlMjVBNyUyQkVraW1pJTJCdmUlMkJFc3RldGlrJTJCQ2VycmFoaSUyQk1lcmtlemklMjE1ZTAlMjEzbTIlMjExc3RyJTIxMnN0ciUyMTR2MTU1NDcyMTIzOTg2MCUyMTVtMiUyMTFzdHIlMjEyc3RyJTIyJTIwd2lkdGglM0QlMjIxMjAwJTIyJTIwaGVpZ2h0JTNEJTIyMzAwJTIyJTIwZnJhbWVib3JkZXIlM0QlMjIwJTIyJTIwc3R5bGUlM0QlMjJib3JkZXIlM0EwJTIyJTIwYWxsb3dmdWxsc2NyZWVuJTNFJTNDJTJGaWZyYW1lJTNF&#8221; size=&#8221;300&#8243;][\/vc_column][\/vc_row]<\/p>\n","protected":false},"excerpt":{"rendered":"<p>[vc_row][vc_column][vc_custom_heading text=&#8221;Hakk\u0131m\u0131zda&#8221; use_theme_fonts=&#8221;yes&#8221;][vc_column_text]Clinista, 2014 y\u0131l\u0131ndan bu yana \u0130stanbul\u2019un se\u00e7kin lokasyonlar\u0131ndan biri olan Ba\u011fdat Caddesi \u2013 Suadiye\u2019de faaliyet g\u00f6stermektedir. T\u00fcm i\u015flemlerimiz s\u00f6zle\u015fmeli oldu\u011fumuz hastanelerde, uzman doktorlar ve sa\u011fl\u0131k personeli e\u015fli\u011finde ger\u00e7ekle\u015ftirilmektedir.T.C. Sa\u011fl\u0131k Bakanl\u0131\u011f\u0131 taraf\u0131ndan verilen Uluslararas\u0131 Sa\u011fl\u0131k Turizmi Yetki Belgesi ile, yurt d\u0131\u015f\u0131ndan gelen hastalar\u0131m\u0131za yasal, g\u00fcvenli ve etik kurallara uygun bir \u015fekilde hizmet sunmaktay\u0131z.[\/vc_column_text][vc_empty_space][\/vc_column][\/vc_row][vc_row][vc_column][vc_custom_heading text=&#8221;Hizmetlerimiz&#8221; [&hellip;]<\/p>\n","protected":false},"author":1,"featured_media":0,"parent":0,"menu_order":0,"comment_status":"closed","ping_status":"closed","template":"","meta":{"_acf_changed":false,"footnotes":""},"class_list":["post-10672","page","type-page","status-publish","hentry"],"acf":[],"_links":{"self":[{"href":"https:\/\/clinista.com\/tr\/wp-json\/wp\/v2\/pages\/10672","targetHints":{"allow":["GET"]}}],"collection":[{"href":"https:\/\/clinista.com\/tr\/wp-json\/wp\/v2\/pages"}],"about":[{"href":"https:\/\/clinista.com\/tr\/wp-json\/wp\/v2\/types\/page"}],"author":[{"embeddable":true,"href":"https:\/\/clinista.com\/tr\/wp-json\/wp\/v2\/users\/1"}],"replies":[{"embeddable":true,"href":"https:\/\/clinista.com\/tr\/wp-json\/wp\/v2\/comments?post=10672"}],"version-history":[{"count":0,"href":"https:\/\/clinista.com\/tr\/wp-json\/wp\/v2\/pages\/10672\/revisions"}],"wp:attachment":[{"href":"https:\/\/clinista.com\/tr\/wp-json\/wp\/v2\/media?parent=10672"}],"curies":[{"name":"wp","href":"https:\/\/api.w.org\/{rel}","templated":true}]}}