{"id":10688,"date":"2025-07-10T20:51:34","date_gmt":"2025-07-10T17:51:34","guid":{"rendered":"https:\/\/clinista.com\/health-tourism-services-in-turkey-world-class-care-with-personalized-support\/"},"modified":"2025-10-27T11:03:19","modified_gmt":"2025-10-27T08:03:19","slug":"health-tourism-services-in-turkey-world-class-care-with-personalized-support","status":"publish","type":"page","link":"https:\/\/clinista.com\/tr\/health-tourism-services-in-turkey-world-class-care-with-personalized-support\/","title":{"rendered":"Sa\u011fl\u0131k Turizmi"},"content":{"rendered":"<h1 data-start=\"44\" data-end=\"136\"><strong data-start=\"44\" data-end=\"136\">T\u00fcrkiye\u2019de Sa\u011fl\u0131k Turizmi Hizmetleri:\u00a0<\/strong><\/h1>\n<p data-start=\"138\" data-end=\"492\">Geli\u015fmi\u015f t\u0131bbi altyap\u0131s\u0131, deneyimli sa\u011fl\u0131k profesyonelleri ve rekabet\u00e7i fiyatlar\u0131 sayesinde T\u00fcrkiye, sa\u011fl\u0131k turizmi i\u00e7in en \u00e7ok tercih edilen destinasyonlardan biri haline gelmi\u015ftir. Her y\u0131l binlerce uluslararas\u0131 hasta; sa\u00e7 ekimi, estetik cerrahi, di\u015f tedavileri, ortopedik i\u015flemler ve t\u00fcp bebek gibi \u00e7e\u015fitli tedaviler i\u00e7in T\u00fcrkiye\u2019yi ziyaret etmektedir.<\/p>\n<p data-start=\"494\" data-end=\"990\">Sa\u011fl\u0131k turizmi hizmetlerimiz, uluslararas\u0131 hastalar\u0131n tedavi s\u00fcrecini sorunsuz ve stressiz bir deneyime d\u00f6n\u00fc\u015ft\u00fcrmek \u00fczere tasarlanm\u0131\u015ft\u0131r. Bize ula\u015ft\u0131\u011f\u0131n\u0131z andan itibaren sizin ad\u0131n\u0131za her detay\u0131 organize ediyoruz: do\u011fru hastane veya klini\u011fin se\u00e7ilmesinden, uzman doktorla e\u015fle\u015ftirmeye, kons\u00fcltasyonlar\u0131n ayarlanmas\u0131ndan tedavi planlamas\u0131na kadar her a\u015famada yan\u0131n\u0131zday\u0131z. Yaln\u0131zca akredite hastaneler ve sertifikal\u0131 doktorlarla \u00e7al\u0131\u015farak, her ad\u0131mda g\u00fcvenli\u011fi ve kaliteyi garanti alt\u0131na al\u0131yoruz.<\/p>\n<p data-start=\"992\" data-end=\"1238\">T\u0131bbi koordinasyonun yan\u0131 s\u0131ra; vize dan\u0131\u015fmanl\u0131\u011f\u0131, terc\u00fcme ve \u00e7eviri hizmetleri, havaalan\u0131 transferleri, otel konaklamas\u0131 ve hatta t\u00fcm s\u00fcre\u00e7 boyunca sizinle ileti\u015fimde kalacak ki\u015fisel sa\u011fl\u0131k dan\u0131\u015fmanlar\u0131 gibi kapsaml\u0131 destek hizmetleri sunuyoruz.<\/p>\n<p data-start=\"1240\" data-end=\"1566\">\u00c7ok dilli ekibimiz, sizinle sa\u011fl\u0131k kurulu\u015flar\u0131 aras\u0131ndaki ileti\u015fimin a\u00e7\u0131k ve do\u011fru bir \u015fekilde sa\u011flanmas\u0131n\u0131 garanti eder. Ayr\u0131ca 7\/24 destek hatt\u0131m\u0131zla ihtiya\u00e7 duydu\u011funuz her an yan\u0131n\u0131zday\u0131z. Tek ba\u015f\u0131n\u0131za veya bir refakat\u00e7iyle geliyor olsan\u0131z da, her detay\u0131 konforunuza, tercihinize ve sa\u011fl\u0131k ihtiya\u00e7lar\u0131n\u0131za g\u00f6re planl\u0131yoruz.<\/p>\n<p data-start=\"1568\" data-end=\"1870\">T\u00fcrkiye\u2019de tedavi olmay\u0131 tercih etmek, sadece y\u00fcksek kalitede sa\u011fl\u0131k hizmeti almak anlam\u0131na gelmez; ayn\u0131 zamanda zengin k\u00fclt\u00fcr\u00fc, misafirperverli\u011fi ve e\u015fsiz g\u00fczellikleri deneyimlemek anlam\u0131na da gelir. Kapsaml\u0131 sa\u011fl\u0131k turizmi hizmetlerimizle, siz sadece iyile\u015fmeye odaklan\u0131n \u2014 gerisini biz hallediyoruz.<\/p>\n<p data-start=\"1872\" data-end=\"1969\" data-is-last-node=\"\" data-is-only-node=\"\">Sizi sa\u011fl\u0131\u011f\u0131n\u0131za giden yolda g\u00fcvenilir bir \u00e7\u00f6z\u00fcm orta\u011f\u0131 olarak desteklemekten memnuniyet duyar\u0131z.<\/p>\n","protected":false},"excerpt":{"rendered":"<p>T\u00fcrkiye\u2019de Sa\u011fl\u0131k Turizmi Hizmetleri:\u00a0 Geli\u015fmi\u015f t\u0131bbi altyap\u0131s\u0131, deneyimli sa\u011fl\u0131k profesyonelleri ve rekabet\u00e7i fiyatlar\u0131 sayesinde T\u00fcrkiye, sa\u011fl\u0131k turizmi i\u00e7in en \u00e7ok tercih edilen destinasyonlardan biri haline gelmi\u015ftir. Her y\u0131l binlerce uluslararas\u0131 hasta; sa\u00e7 ekimi, estetik cerrahi, di\u015f tedavileri, ortopedik i\u015flemler ve t\u00fcp bebek gibi \u00e7e\u015fitli tedaviler i\u00e7in T\u00fcrkiye\u2019yi ziyaret etmektedir. Sa\u011fl\u0131k turizmi hizmetlerimiz, uluslararas\u0131 hastalar\u0131n tedavi [&hellip;]<\/p>\n","protected":false},"author":1,"featured_media":0,"parent":0,"menu_order":0,"comment_status":"closed","ping_status":"closed","template":"","meta":{"_acf_changed":false,"footnotes":""},"class_list":["post-10688","page","type-page","status-publish","hentry"],"acf":[],"_links":{"self":[{"href":"https:\/\/clinista.com\/tr\/wp-json\/wp\/v2\/pages\/10688","targetHints":{"allow":["GET"]}}],"collection":[{"href":"https:\/\/clinista.com\/tr\/wp-json\/wp\/v2\/pages"}],"about":[{"href":"https:\/\/clinista.com\/tr\/wp-json\/wp\/v2\/types\/page"}],"author":[{"embeddable":true,"href":"https:\/\/clinista.com\/tr\/wp-json\/wp\/v2\/users\/1"}],"replies":[{"embeddable":true,"href":"https:\/\/clinista.com\/tr\/wp-json\/wp\/v2\/comments?post=10688"}],"version-history":[{"count":0,"href":"https:\/\/clinista.com\/tr\/wp-json\/wp\/v2\/pages\/10688\/revisions"}],"wp:attachment":[{"href":"https:\/\/clinista.com\/tr\/wp-json\/wp\/v2\/media?parent=10688"}],"curies":[{"name":"wp","href":"https:\/\/api.w.org\/{rel}","templated":true}]}}