{"id":10689,"date":"2025-07-10T20:50:50","date_gmt":"2025-07-10T17:50:50","guid":{"rendered":"https:\/\/clinista.com\/ticketing-transportation-and-transfer-services-in-turkey\/"},"modified":"2025-10-27T11:25:14","modified_gmt":"2025-10-27T08:25:14","slug":"ticketing-transportation-and-transfer-services-in-turkey","status":"publish","type":"page","link":"https:\/\/clinista.com\/tr\/ticketing-transportation-and-transfer-services-in-turkey\/","title":{"rendered":"Biletleme, Ula\u015f\u0131m ve Transfer Hizmetleri"},"content":{"rendered":"<h1 data-start=\"101\" data-end=\"429\"><strong>Biletleme, Ula\u015f\u0131m ve Transfer Hizmetleri<\/strong><\/h1>\n<p data-start=\"101\" data-end=\"429\">T\u0131bbi tedavi i\u00e7in T\u00fcrkiye\u2019ye gelen uluslararas\u0131 hastalar a\u00e7\u0131s\u0131ndan, sorunsuz ve iyi planlanm\u0131\u015f bir seyahat s\u00fcreci en az tedavinin kendisi kadar \u00f6nemlidir. Biletleme, ula\u015f\u0131m ve transfer hizmetlerimiz; seyahate karar verdi\u011finiz andan evinize d\u00f6nene kadar olan s\u00fcreci konforlu, g\u00fcvenli ve verimli hale getirmek i\u00e7in tasarlanm\u0131\u015ft\u0131r.<\/p>\n<p data-start=\"431\" data-end=\"730\">Hastalar\u0131m\u0131za \u00f6ncelikle u\u00e7u\u015f planlamas\u0131nda yard\u0131mc\u0131 oluyor, tedavi programlar\u0131na uygun en ideal g\u00fczergahlar, havayollar\u0131 ve u\u00e7u\u015f saatleri konusunda rehberlik ediyoruz. \u0130ster Avrupa\u2019dan, ister Orta Do\u011fu\u2019dan ya da ba\u015fka bir b\u00f6lgeden gelin, en uygun ve ekonomik u\u00e7u\u015f se\u00e7eneklerini sizin i\u00e7in buluyoruz.<\/p>\n<p data-start=\"732\" data-end=\"1132\">T\u00fcrkiye\u2019ye vard\u0131\u011f\u0131n\u0131zda, profesyonel transfer ekibimiz sizi havaliman\u0131nda kar\u015f\u0131lamaya haz\u0131rd\u0131r. Konaklama yerinize veya tedavi alaca\u011f\u0131n\u0131z sa\u011fl\u0131k merkezine sizi do\u011frudan ula\u015ft\u0131racak, temiz, modern ve klimal\u0131 \u00f6zel ara\u00e7larla havaalan\u0131 transfer hizmeti sunuyoruz. Dil engeli, y\u00f6n bulma ya da gecikme gibi konular hakk\u0131nda endi\u015felenmenize gerek yok \u2014 \u00e7ok dilli ekibimiz sayesinde her \u015fey sorunsuz ilerler.<\/p>\n<p data-start=\"1134\" data-end=\"1387\">Tedavi s\u00fcresince konaklama yeriniz ile hastane veya klinik aras\u0131ndaki g\u00fcnl\u00fck transferlerinizi dakik ve hasta konforuna odakl\u0131 bir \u015fekilde sa\u011fl\u0131yoruz. Ayr\u0131ca, \u015fehir gezileri ya da ki\u015fisel i\u015fleriniz i\u00e7in ek ula\u015f\u0131m ihtiya\u00e7lar\u0131n\u0131z\u0131 da organize edebiliyoruz.<\/p>\n<p data-start=\"1389\" data-end=\"1610\">Amac\u0131m\u0131z, seyahat s\u00fcrecine dair t\u00fcm lojistik y\u00fckleri sizden alarak, tamamen sa\u011fl\u0131\u011f\u0131n\u0131za ve iyile\u015fmenize odaklanman\u0131z\u0131 sa\u011flamakt\u0131r. U\u00e7ak biletinizin al\u0131nmas\u0131ndan, d\u00f6n\u00fc\u015f transferinize kadar her ad\u0131m\u0131 titizlikle planl\u0131yoruz.<\/p>\n<p data-start=\"1612\" data-end=\"1752\" data-is-last-node=\"\" data-is-only-node=\"\">T\u00fcrkiye\u2019nin t\u0131bbi m\u00fckemmeliyetini g\u00f6n\u00fcl rahatl\u0131\u011f\u0131yla deneyimleyin \u2014 t\u00fcm ula\u015f\u0131m ihtiya\u00e7lar\u0131n\u0131z profesyonelce bizim taraf\u0131m\u0131zdan kar\u015f\u0131lan\u0131yor.<\/p>\n","protected":false},"excerpt":{"rendered":"<p>Biletleme, Ula\u015f\u0131m ve Transfer Hizmetleri T\u0131bbi tedavi i\u00e7in T\u00fcrkiye\u2019ye gelen uluslararas\u0131 hastalar a\u00e7\u0131s\u0131ndan, sorunsuz ve iyi planlanm\u0131\u015f bir seyahat s\u00fcreci en az tedavinin kendisi kadar \u00f6nemlidir. Biletleme, ula\u015f\u0131m ve transfer hizmetlerimiz; seyahate karar verdi\u011finiz andan evinize d\u00f6nene kadar olan s\u00fcreci konforlu, g\u00fcvenli ve verimli hale getirmek i\u00e7in tasarlanm\u0131\u015ft\u0131r. Hastalar\u0131m\u0131za \u00f6ncelikle u\u00e7u\u015f planlamas\u0131nda yard\u0131mc\u0131 oluyor, tedavi [&hellip;]<\/p>\n","protected":false},"author":1,"featured_media":0,"parent":0,"menu_order":0,"comment_status":"closed","ping_status":"closed","template":"","meta":{"_acf_changed":false,"footnotes":""},"class_list":["post-10689","page","type-page","status-publish","hentry"],"acf":[],"_links":{"self":[{"href":"https:\/\/clinista.com\/tr\/wp-json\/wp\/v2\/pages\/10689","targetHints":{"allow":["GET"]}}],"collection":[{"href":"https:\/\/clinista.com\/tr\/wp-json\/wp\/v2\/pages"}],"about":[{"href":"https:\/\/clinista.com\/tr\/wp-json\/wp\/v2\/types\/page"}],"author":[{"embeddable":true,"href":"https:\/\/clinista.com\/tr\/wp-json\/wp\/v2\/users\/1"}],"replies":[{"embeddable":true,"href":"https:\/\/clinista.com\/tr\/wp-json\/wp\/v2\/comments?post=10689"}],"version-history":[{"count":0,"href":"https:\/\/clinista.com\/tr\/wp-json\/wp\/v2\/pages\/10689\/revisions"}],"wp:attachment":[{"href":"https:\/\/clinista.com\/tr\/wp-json\/wp\/v2\/media?parent=10689"}],"curies":[{"name":"wp","href":"https:\/\/api.w.org\/{rel}","templated":true}]}}