{"id":10690,"date":"2025-07-10T20:49:17","date_gmt":"2025-07-10T17:49:17","guid":{"rendered":"https:\/\/clinista.com\/accomodation-services\/"},"modified":"2025-10-27T11:27:03","modified_gmt":"2025-10-27T08:27:03","slug":"accomodation-services","status":"publish","type":"page","link":"https:\/\/clinista.com\/tr\/accomodation-services\/","title":{"rendered":"Konaklama Hizmetleri"},"content":{"rendered":"<h1 data-start=\"124\" data-end=\"517\"><strong>Konaklama Hizmetleri<\/strong><\/h1>\n<p data-start=\"124\" data-end=\"517\">T\u00fcrkiye, her y\u0131l binlerce uluslararas\u0131 hastay\u0131 a\u011f\u0131rlayan, sa\u011fl\u0131k turizmi alan\u0131nda \u00f6nde gelen destinasyonlardan biri haline gelmi\u015ftir. Y\u00fcksek kaliteli t\u0131bbi tedaviler al\u0131rken, hastalar ayn\u0131 zamanda konforlu, g\u00fcvenli ve rahat bir konaklama deneyimi de beklemektedir. Kapsaml\u0131 sa\u011fl\u0131k turizmi hizmetlerimizin bir par\u00e7as\u0131 olarak, her hastan\u0131n \u00f6zel ihtiya\u00e7lar\u0131na uygun konaklama \u00e7\u00f6z\u00fcmleri sunuyoruz.<\/p>\n<p data-start=\"519\" data-end=\"967\">T\u00fcrkiye\u2019nin \u00f6nde gelen hastane ve kliniklerine yak\u0131n konumda bulunan i\u015f ortaklar\u0131m\u0131z olan oteller, apart daireler ve \u00f6zel rezidanslarla i\u015f birli\u011fi yap\u0131yoruz. \u0130ster tek ba\u015f\u0131n\u0131za, ister aileniz ya da bir refakat\u00e7iyle seyahat ediyor olun, temiz, modern ve tam donan\u0131ml\u0131 tesislerde; tercihinize ve b\u00fct\u00e7enize uygun konaklama se\u00e7enekleri sunuyoruz. 5 y\u0131ld\u0131zl\u0131 l\u00fcks otellerden, butik ve s\u0131cak ortamlara kadar geni\u015f bir yelpazede alternatifler sunmaktay\u0131z.<\/p>\n<p data-start=\"969\" data-end=\"1301\">Konaklama hizmetlerimiz kapsam\u0131nda ayr\u0131ca havaalan\u0131 kar\u015f\u0131lama, hastane ile konaklama aras\u0131ndaki g\u00fcnl\u00fck transferler, \u00e7ok dilli destek ve 7\/24 dan\u0131\u015fmanl\u0131k hizmetleri de sa\u011flamaktay\u0131z. Dinlenme ve iyile\u015fmenin \u00f6nemini bildi\u011fimiz i\u00e7in, huzurlu, hijyenik ve merkezi b\u00f6lgelerde bulunan konaklama yerlerini \u00f6ncelikli olarak tercih ediyoruz.<\/p>\n<p data-start=\"1303\" data-end=\"1560\">Uzun s\u00fcreli tedavi g\u00f6recek hastalar\u0131m\u0131z i\u00e7in mutfakl\u0131 ve geni\u015f ya\u015fam alanlar\u0131na sahip uzun konaklama \u00e7\u00f6z\u00fcmleri de sunuyoruz. Amac\u0131m\u0131z, evinizden uzakta olsan\u0131z bile kendinizi evinizde gibi hissetmenizi sa\u011flamak\u2014b\u00f6ylece sadece sa\u011fl\u0131\u011f\u0131n\u0131za odaklanabilirsiniz.<\/p>\n<p data-start=\"1562\" data-end=\"1877\" data-is-last-node=\"\" data-is-only-node=\"\">T\u00fcrkiye\u2019de tedavi olmay\u0131 se\u00e7mek, yaln\u0131zca kaliteli sa\u011fl\u0131k hizmetlerinden faydalanmak de\u011fil, ayn\u0131 zamanda s\u0131cak misafirperverlik, zengin k\u00fclt\u00fcr ve g\u00fcvenilir konaklama \u00e7\u00f6z\u00fcmleriyle bulu\u015fmak demektir. T\u00fcm detaylar\u0131 sizin i\u00e7in biz organize edelim, siz t\u0131bbi yolculu\u011funuz boyunca g\u00f6n\u00fcl rahatl\u0131\u011f\u0131yla iyile\u015fmeye odaklan\u0131n.<\/p>\n","protected":false},"excerpt":{"rendered":"<p>Konaklama Hizmetleri T\u00fcrkiye, her y\u0131l binlerce uluslararas\u0131 hastay\u0131 a\u011f\u0131rlayan, sa\u011fl\u0131k turizmi alan\u0131nda \u00f6nde gelen destinasyonlardan biri haline gelmi\u015ftir. Y\u00fcksek kaliteli t\u0131bbi tedaviler al\u0131rken, hastalar ayn\u0131 zamanda konforlu, g\u00fcvenli ve rahat bir konaklama deneyimi de beklemektedir. Kapsaml\u0131 sa\u011fl\u0131k turizmi hizmetlerimizin bir par\u00e7as\u0131 olarak, her hastan\u0131n \u00f6zel ihtiya\u00e7lar\u0131na uygun konaklama \u00e7\u00f6z\u00fcmleri sunuyoruz. T\u00fcrkiye\u2019nin \u00f6nde gelen hastane ve [&hellip;]<\/p>\n","protected":false},"author":1,"featured_media":0,"parent":0,"menu_order":0,"comment_status":"closed","ping_status":"closed","template":"","meta":{"_acf_changed":false,"footnotes":""},"class_list":["post-10690","page","type-page","status-publish","hentry"],"acf":[],"_links":{"self":[{"href":"https:\/\/clinista.com\/tr\/wp-json\/wp\/v2\/pages\/10690","targetHints":{"allow":["GET"]}}],"collection":[{"href":"https:\/\/clinista.com\/tr\/wp-json\/wp\/v2\/pages"}],"about":[{"href":"https:\/\/clinista.com\/tr\/wp-json\/wp\/v2\/types\/page"}],"author":[{"embeddable":true,"href":"https:\/\/clinista.com\/tr\/wp-json\/wp\/v2\/users\/1"}],"replies":[{"embeddable":true,"href":"https:\/\/clinista.com\/tr\/wp-json\/wp\/v2\/comments?post=10690"}],"version-history":[{"count":0,"href":"https:\/\/clinista.com\/tr\/wp-json\/wp\/v2\/pages\/10690\/revisions"}],"wp:attachment":[{"href":"https:\/\/clinista.com\/tr\/wp-json\/wp\/v2\/media?parent=10690"}],"curies":[{"name":"wp","href":"https:\/\/api.w.org\/{rel}","templated":true}]}}