{"id":1148,"date":"2015-12-02T08:01:19","date_gmt":"2015-12-02T06:01:19","guid":{"rendered":"http:\/\/medical.omnicom-dev.com\/clinic\/?page_id=6"},"modified":"2026-01-02T18:34:53","modified_gmt":"2026-01-02T15:34:53","slug":"hakkimizda","status":"publish","type":"page","link":"https:\/\/clinista.com\/tr\/hakkimizda\/","title":{"rendered":"Hakk\u0131m\u0131zda"},"content":{"rendered":"<p>[vc_row full_width=&#8221;stretch_row&#8221;][vc_column][vc_empty_space height=&#8221;40px&#8221;][vc_custom_heading text=&#8221;Hakk\u0131m\u0131zda&#8221; font_container=&#8221;tag:h1|text_align:left&#8221; use_theme_fonts=&#8221;yes&#8221; css_animation=&#8221;fadeIn&#8221;][vc_empty_space height=&#8221;40px&#8221;][vc_column_text]2014 y\u0131l\u0131nda kurulan merkezimiz, Ba\u011fdat Caddesi, Suadiye&#8217;de, Anadolu Yakas\u0131&#8217;n\u0131n en prestijli b\u00f6lgelerinden birinde hizmet vermektedir. Sa\u00e7 d\u00f6k\u00fclmesi sorunuyla m\u00fccadele eden ve sa\u00e7 ekimi d\u00fc\u015f\u00fcncesiyle bize ba\u015fvuran dan\u0131\u015fanlar\u0131m\u0131za en efektif hizmeti sunmak amac\u0131yla faaliyet g\u00f6steriyoruz. T\u00fcm i\u015flemlerimiz, anla\u015fmal\u0131 oldu\u011fumuz hastanede ger\u00e7ekle\u015ftirilmekte olup, ofisimizde i\u015flem yap\u0131lmamaktad\u0131r.<\/p>\n<h3><strong>Misyonumuz:<\/strong><\/h3>\n<p>Misyonumuz, sa\u00e7 d\u00f6k\u00fclmesi ya\u015fayan ve sa\u00e7 ekimi ihtiyac\u0131 duyan dan\u0131\u015fanlar\u0131m\u0131za, en y\u00fcksek standartlarda, g\u00fcvenilir ve etkili \u00e7\u00f6z\u00fcmler sunmakt\u0131r. 2014 y\u0131l\u0131ndan bu yana, Ba\u011fdat Caddesi, Suadiye&#8217;deki klini\u011fimizde, modern teknolojiler ve uzman ekibimizle ki\u015fiye \u00f6zel tedavi planlar\u0131 olu\u015fturuyor ve her a\u015famada m\u00fckemmelli\u011fi hedefliyoruz. Sa\u00e7 ekimi ve tedavi s\u00fcre\u00e7lerimizde hastalar\u0131m\u0131za rahat, g\u00fcvenli ve konforlu bir deneyim sunmay\u0131 ama\u00e7l\u0131yoruz.<\/p>\n<h3><strong>Vizyonumuz:<\/strong><\/h3>\n<p>Vizyonumuz, sa\u00e7 ekimi ve sa\u00e7 tedavileri alan\u0131nda sekt\u00f6rdeki en g\u00fcvenilir, yenilik\u00e7i ve lider merkezlerden biri olmakt\u0131r. Yenilik\u00e7i yakla\u015f\u0131mlar\u0131m\u0131z, s\u00fcrekli geli\u015fen teknolojiye olan ba\u011fl\u0131l\u0131\u011f\u0131m\u0131z ve hasta memnuniyetine verdi\u011fimiz \u00f6nemle, her ge\u00e7en g\u00fcn daha fazla erke\u011fe estetik ve do\u011fal sonu\u00e7lar sunmay\u0131 hedefliyoruz. M\u00fc\u015fteri odakl\u0131 yakla\u015f\u0131m\u0131m\u0131zla, sa\u00e7 sa\u011fl\u0131\u011f\u0131n\u0131 geri kazand\u0131r\u0131rken, \u00f6zg\u00fcvenlerini de art\u0131rmay\u0131 ama\u00e7l\u0131yoruz.<\/p>\n<h3><strong>Kalite Standartlar\u0131m\u0131z:<\/strong><\/h3>\n<p>Y\u00fcksek kalite standartlar\u0131n\u0131 her zaman \u00f6n planda tutarak hizmet vermektedir. Sa\u00e7 ekimi ve tedavi s\u00fcre\u00e7lerinde, hasta g\u00fcvenli\u011fi, gizlili\u011fi ve memnuniyetini en \u00fcst d\u00fczeyde sa\u011flamak i\u00e7in titizlikle \u00e7al\u0131\u015f\u0131yoruz. T\u00fcm prosed\u00fcrlerimiz, uluslararas\u0131 sa\u011fl\u0131k standartlar\u0131na uygun olarak, deneyimli ve uzman kadromuz taraf\u0131ndan uygulanmaktad\u0131r.<\/p>\n<p>Hasta bilgilerinin gizlili\u011fine b\u00fcy\u00fck \u00f6nem veriyor; ki\u015fisel ve t\u0131bbi verilerin korunmas\u0131n\u0131, ilgili yasal d\u00fczenlemelere ve etik kurallara tam uyum i\u00e7inde sa\u011fl\u0131yoruz. Etik \u00e7al\u0131\u015fma ilkelerine ba\u011fl\u0131 kalarak, her hastam\u0131za \u015feffaf, d\u00fcr\u00fcst ve adil hizmet sunmay\u0131 taahh\u00fct ediyoruz. Sa\u00e7 ekimi ve tedavi s\u00fcre\u00e7lerinde, en g\u00fcvenli ve en etkili sonu\u00e7lar\u0131 elde etmek amac\u0131yla en son teknolojiye sahip cihazlar ve y\u00f6ntemleri kullan\u0131yoruz.[\/vc_column_text][vc_empty_space height=&#8221;50px&#8221;][\/vc_column][\/vc_row][vc_row full_width=&#8221;stretch_row&#8221; el_class=&#8221;gradient2 fix-overflow&#8221; css=&#8221;.vc_custom_1533890197231{padding-bottom: 50px !important;}&#8221;][vc_column css_animation=&#8221;fadeIn&#8221; width=&#8221;1\/3&#8243; el_class=&#8221;delay-1&#8243;]<div class=\"iconbox style2 \">\n\n\t<h4 class=\"box-title\">Hizmet Kalitesi<\/h4>\n\t<div class=\"box-detail\">\n\t\t<\/p>\n<header class=\"header btClear small\">\n<div class=\"dash\">\n<p>Misyonumuz, hasta odakl\u0131 \u00e7\u00f6z\u00fcmler ile sa\u011fl\u0131k bakanl\u0131\u011f\u0131 ve t\u0131bbi otoriteler taraf\u0131ndan efektif kabul edilen sa\u011fl\u0131k hizmetlerini hastalara ula\u015ft\u0131rmakt\u0131r. Hastalar\u0131m\u0131z\u0131 t\u0131bbi deontoloji, t\u0131bbi etik kurallar\u0131 \u00e7er\u00e7evesinde bilgilendirmektir.<\/p>\n<\/div>\n<\/header>\n<p>\n\t\n\t<\/div>\n\t<div class=\"box-icon\"><i class=\"sl-check\"><\/i><\/div>\t\n\t\n<\/div>[vc_empty_space height=&#8221;30px&#8221;][\/vc_column][vc_column css_animation=&#8221;fadeIn&#8221; width=&#8221;1\/3&#8243; el_class=&#8221;delay-2&#8243;]<div class=\"iconbox style2 \">\n\n\t<h4 class=\"box-title\">Deneyimli Ekip<\/h4>\n\t<div class=\"box-detail\">\n\t\t<p>Clinista\u00a0 14 dilde ve bir\u00e7ok \u00fclkede sa\u011fl\u0131k turizmi yapan kadroya sahiptir. Sa\u011fl\u0131k alan\u0131nda kariyer yapm\u0131\u015f \u00e7al\u0131\u015fma arkada\u015flar\u0131m\u0131z\u0131 se\u00e7erken hasta memnuniyetini odak noktas\u0131nda tutuyoruz.<\/p>\n\t\n\t<\/div>\n\t<div class=\"box-icon\"><i class=\"sl-people\"><\/i><\/div>\t\n\t\n<\/div>[vc_empty_space height=&#8221;30px&#8221;][\/vc_column][vc_column css_animation=&#8221;fadeIn&#8221; width=&#8221;1\/3&#8243; el_class=&#8221;delay-3&#8243;]<div class=\"iconbox style2 \">\n\n\t<h4 class=\"box-title\">Lokasyon<\/h4>\n\t<div class=\"box-detail\">\n\t\t<p>Tedavilerimizi sa\u00e7 ekimi uygulama esaslar\u0131na sahip hastane ortam\u0131nda sunuyoruz. Bu noktada tedavi alan hastalar\u0131m\u0131z\u0131n g\u00fcvenli\u011fini d\u00fc\u015f\u00fcn\u00fcyoruz. Sa\u011fl\u0131k bakanl\u0131\u011f\u0131nca yay\u0131nlanan sa\u00e7 ekimi uygulama esaslar\u0131 odak noktam\u0131zdad\u0131r.<\/p>\n\t\n\t<\/div>\n\t<div class=\"box-icon\"><i class=\"sl-location-pin\"><\/i><\/div>\t\n\t\n<\/div>[vc_empty_space height=&#8221;30px&#8221;][\/vc_column][\/vc_row]<\/p>\n","protected":false},"excerpt":{"rendered":"<p>[vc_row full_width=&#8221;stretch_row&#8221;][vc_column][vc_empty_space height=&#8221;40px&#8221;][vc_custom_heading text=&#8221;Hakk\u0131m\u0131zda&#8221; font_container=&#8221;tag:h1|text_align:left&#8221; use_theme_fonts=&#8221;yes&#8221; css_animation=&#8221;fadeIn&#8221;][vc_empty_space height=&#8221;40px&#8221;][vc_column_text]2014 y\u0131l\u0131nda kurulan merkezimiz, Ba\u011fdat Caddesi, Suadiye&#8217;de, Anadolu Yakas\u0131&#8217;n\u0131n en prestijli b\u00f6lgelerinden birinde hizmet vermektedir. Sa\u00e7 d\u00f6k\u00fclmesi sorunuyla m\u00fccadele eden ve sa\u00e7 ekimi d\u00fc\u015f\u00fcncesiyle bize ba\u015fvuran dan\u0131\u015fanlar\u0131m\u0131za en efektif hizmeti sunmak amac\u0131yla faaliyet g\u00f6steriyoruz. T\u00fcm i\u015flemlerimiz, anla\u015fmal\u0131 oldu\u011fumuz hastanede ger\u00e7ekle\u015ftirilmekte olup, ofisimizde i\u015flem yap\u0131lmamaktad\u0131r. Misyonumuz: Misyonumuz, sa\u00e7 d\u00f6k\u00fclmesi [&hellip;]<\/p>\n","protected":false},"author":1,"featured_media":10261,"parent":0,"menu_order":0,"comment_status":"closed","ping_status":"closed","template":"","meta":{"_acf_changed":false,"footnotes":""},"class_list":["post-1148","page","type-page","status-publish","has-post-thumbnail","hentry"],"acf":[],"_links":{"self":[{"href":"https:\/\/clinista.com\/tr\/wp-json\/wp\/v2\/pages\/1148","targetHints":{"allow":["GET"]}}],"collection":[{"href":"https:\/\/clinista.com\/tr\/wp-json\/wp\/v2\/pages"}],"about":[{"href":"https:\/\/clinista.com\/tr\/wp-json\/wp\/v2\/types\/page"}],"author":[{"embeddable":true,"href":"https:\/\/clinista.com\/tr\/wp-json\/wp\/v2\/users\/1"}],"replies":[{"embeddable":true,"href":"https:\/\/clinista.com\/tr\/wp-json\/wp\/v2\/comments?post=1148"}],"version-history":[{"count":0,"href":"https:\/\/clinista.com\/tr\/wp-json\/wp\/v2\/pages\/1148\/revisions"}],"wp:featuredmedia":[{"embeddable":true,"href":"https:\/\/clinista.com\/tr\/wp-json\/wp\/v2\/media\/10261"}],"wp:attachment":[{"href":"https:\/\/clinista.com\/tr\/wp-json\/wp\/v2\/media?parent=1148"}],"curies":[{"name":"wp","href":"https:\/\/api.w.org\/{rel}","templated":true}]}}