{"id":2909,"date":"2018-09-14T11:38:54","date_gmt":"2018-09-14T08:38:54","guid":{"rendered":"https:\/\/clinista.com\/?page_id=2909"},"modified":"2025-12-21T19:24:09","modified_gmt":"2025-12-21T16:24:09","slug":"dhi-sac-ekimi","status":"publish","type":"page","link":"https:\/\/clinista.com\/tr\/dhi-sac-ekimi\/","title":{"rendered":"DHI Sa\u00e7 Ekimi"},"content":{"rendered":"<h1><strong>DHI Sa\u00e7 Ekimi<\/strong><\/h1>\n<p>DHI yani &#8220;Direct Hair Implantation&#8221; asl\u0131nda yeni olmayan fakat son zamanlarda tekrar ilgi duyulan bir sa\u00e7 ekim tekni\u011fidir. Sa\u00e7 d\u00f6k\u00fclmesi sorunu ya\u015fayan ki\u015filer genellikle DHI ve Mikro-FUE aras\u0131nda tercih yapmakta zorlanmaktad\u0131r. Burada y\u00f6ntemi se\u00e7meden \u00f6nce beklentilerinizi \u00f6\u011frenmek ve size g\u00f6re hangi y\u00f6ntemin daha uygun oldu\u011funu \u00f6nermek bir \u00e7ok deneyim cost\/effectivity analysis gibi teknik konular i\u00e7erir.<\/p>\n<p>Sa\u00e7 ekimi tekni\u011fine karar vermeden \u00f6nce mutlaka analiz yapt\u0131rman\u0131z\u0131 ve sizin durumunuza en uygun tekni\u011fi hekiminiz ile beraber se\u00e7menizi tavsiye ederiz.<\/p>\n<h2><strong>DHI Sa\u00e7 Ekimi Nas\u0131l Uygulan\u0131r?<\/strong><\/h2>\n<p>Bu teknikte Mikro Fue ile ayn\u0131 \u015fekilde ense b\u00f6lgesinden greftler al\u0131n\u0131r. Greftler d\u0131\u015far\u0131da minimum s\u00fcre tutulur ve hemen ekim yap\u0131lmaya ba\u015flan\u0131r. B\u00f6ylece daha sa\u011fl\u0131kl\u0131 ve g\u00fc\u00e7l\u00fc sa\u00e7lar nakledilmi\u015f olur. Sa\u00e7 ekimi yap\u0131lacak yere kanal a\u00e7\u0131lmaz ve \u00f6zel u\u00e7lar kullan\u0131larak sa\u00e7lar bekletilmeden nakledilir. Sa\u00e7lar\u0131n ekilece\u011fi yerler haz\u0131rlanmad\u0131\u011f\u0131 i\u00e7in zamandan tasarruf edilir ve al\u0131nan sa\u00e7lar hemen geri ekilir.<br \/>\nEkilen sa\u00e7lar daha sa\u011fl\u0131kl\u0131 ve canl\u0131 oldu\u011fu i\u00e7in hemen uyum sa\u011flar. Tek seansta mikro fue y\u00f6ntemine g\u00f6re daha az sa\u00e7 nakli yapmak m\u00fcmk\u00fcnd\u00fcr. Sa\u00e7 k\u00f6kleri ekilirken a\u011fr\u0131, ac\u0131 hissetmesiniz. Nakledilen sa\u00e7 say\u0131s\u0131n\u0131n daha az olmas\u0131ndan ve daha az travma olu\u015fmas\u0131ndan dolay\u0131 iyile\u015fme geleneksel FUE ve FUT y\u00f6ntemine g\u00f6re daha h\u0131zl\u0131 olabilir<\/p>\n<h3><\/h3>\n<h3><strong>DHI Sa\u00e7 Ekimi Tekni\u011fi ve FUE Sa\u00e7 Ekimi Tekni\u011fi Farklar\u0131<\/strong><\/h3>\n<p>FUE tekni\u011finde al\u0131nan greftler direkt olarak ba\u015fa nakledilmez. Sa\u00e7 k\u00f6kleri \u00f6zel bir iyile\u015ftirme s\u00fcrecine tabi tutulur. Ekime haz\u0131r hale gelen greftler i\u00e7in ba\u015fta mikro cerrahi b\u0131\u00e7aklar yard\u0131m\u0131yla kanallar a\u00e7\u0131l\u0131r. Daha sonra sa\u00e7 ekim i\u015flemi ger\u00e7ekle\u015ftirilir.<\/p>\n<p>DHI tekni\u011finde ise ekim choi pen denilen kalemler yard\u0131m\u0131yla al\u0131m i\u015fleminden hemen sonra yap\u0131lmaktad\u0131r. Choi implanter yard\u0131m\u0131yla ayn\u0131 anda kanal a\u00e7\u0131m ve ekim i\u015flemi ger\u00e7ekle\u015ftirilir. Sa\u00e7lar ekilirken sa\u00e7lar\u0131n \u00e7\u0131k\u0131\u015f y\u00f6n\u00fc, s\u0131kl\u0131\u011f\u0131 gibi unsurlar g\u00f6zetilerek ekim yap\u0131l\u0131r.<br \/>\nFUE tekni\u011fine nazaran biraz daha zahmetlidir ve genellikle daha uzun s\u00fcrer.<\/p>\n<blockquote><p><strong>DHI Y\u00f6ntemine karar vermeden \u00f6nce:<\/strong><\/p>\n<p><strong>FUE mi DHI m\u0131 gibi sorular ile sa\u00e7 ekiminde cerrahi y\u00f6ntem se\u00e7imini sa\u00e7 restorasyon uzman\u0131n\u0131za b\u0131rakmak sizin a\u00e7\u0131n\u0131zdan en do\u011fru karard\u0131r. Yap\u0131lan tan\u0131t\u0131mlarda her tekni\u011fin avantajl\u0131 yanlar\u0131 anlat\u0131l\u0131r fakat doktorunuz operasyonu uygulayan ki\u015fi olarak cerrahi tekni\u011fi se\u00e7erken bir\u00e7ok y\u00f6nden d\u00fc\u015f\u00fcnmektedir. Bu noktada y\u00f6ntem se\u00e7imi doktorunuz ile tart\u0131\u015f\u0131larak karar verilmesi gereken bir s\u00fcre\u00e7tir.<\/strong><\/p><\/blockquote>\n<h3><strong>DHI Tekni\u011finin Avantajlar\u0131:<\/strong><\/h3>\n<blockquote>\n<ul>\n<li>Sa\u00e7lar\u0131n kesilmeden ekim yap\u0131labilmesi<\/li>\n<li>S\u0131kla\u015ft\u0131rma i\u015flemlerinde daha \u00e7ok tercih edilmesi<\/li>\n<li>Sa\u00e7 k\u00f6klerinin izole ortamda daha az s\u00fcre kalmas\u0131<\/li>\n<li>Cm2 ba\u015f\u0131na daha fazla k\u00f6k nakli \u015fans\u0131 tan\u0131mas\u0131<\/li>\n<li>Travman\u0131n daha az d\u00fczeyde olmas\u0131<\/li>\n<\/ul>\n<\/blockquote>\n<h3><strong>DHI Tekni\u011finin Dezavantajlar\u0131:<\/strong><\/h3>\n<blockquote>\n<ul>\n<li>Ekim s\u0131ras\u0131nda daha fazla rebound (ekilen k\u00f6klerin cilt d\u0131\u015f\u0131na do\u011fru \u00e7\u0131kmas\u0131) g\u00f6r\u00fclmesi<\/li>\n<li>B\u00fcy\u00fck alanlar\u0131 kapatmak ad\u0131na 2-3 seans gerekmesi<\/li>\n<li>Tek seansta s\u0131n\u0131rl\u0131 say\u0131da sa\u00e7 k\u00f6k\u00fc ekilebilmesi<\/li>\n<li>FUE y\u00f6ntemine g\u00f6re daha uzun s\u00fcrmesi<\/li>\n<li>FUE tekni\u011finden daha maliyetli olmas\u0131<\/li>\n<li>Sa\u00e7 folik\u00fcllerinin ekim s\u0131ras\u0131nda uygulanan bas\u0131n\u00e7 ile daha fazla travmaya maruz kalabilmesi<\/li>\n<\/ul>\n<\/blockquote>\n<h4><strong>Bilgilendirme ve tan\u0131t\u0131m kapsam\u0131nda sitemizde yan\u0131lt\u0131c\u0131, abart\u0131l\u0131, do\u011frulu\u011fu bilimsel olarak kan\u0131tlanmam\u0131\u015f bilgiler ve talep yaratmaya y\u00f6nelik a\u00e7\u0131klamalar yer almamaktad\u0131r. Tan\u0131 ve tedavi i\u00e7in mutlaka doktorunuza ba\u015fvurunuz.\u00a0<\/strong><\/h4>\n<p>&nbsp;<\/p>\n","protected":false},"excerpt":{"rendered":"<p>DHI Sa\u00e7 Ekimi DHI yani &#8220;Direct Hair Implantation&#8221; asl\u0131nda yeni olmayan fakat son zamanlarda tekrar ilgi duyulan bir sa\u00e7 ekim tekni\u011fidir. Sa\u00e7 d\u00f6k\u00fclmesi sorunu ya\u015fayan ki\u015filer genellikle DHI ve Mikro-FUE aras\u0131nda tercih yapmakta zorlanmaktad\u0131r. Burada y\u00f6ntemi se\u00e7meden \u00f6nce beklentilerinizi \u00f6\u011frenmek ve size g\u00f6re hangi y\u00f6ntemin daha uygun oldu\u011funu \u00f6nermek bir \u00e7ok deneyim cost\/effectivity analysis gibi [&hellip;]<\/p>\n","protected":false},"author":1,"featured_media":8866,"parent":0,"menu_order":0,"comment_status":"closed","ping_status":"closed","template":"","meta":{"_acf_changed":false,"footnotes":""},"class_list":["post-2909","page","type-page","status-publish","has-post-thumbnail","hentry"],"acf":[],"_links":{"self":[{"href":"https:\/\/clinista.com\/tr\/wp-json\/wp\/v2\/pages\/2909","targetHints":{"allow":["GET"]}}],"collection":[{"href":"https:\/\/clinista.com\/tr\/wp-json\/wp\/v2\/pages"}],"about":[{"href":"https:\/\/clinista.com\/tr\/wp-json\/wp\/v2\/types\/page"}],"author":[{"embeddable":true,"href":"https:\/\/clinista.com\/tr\/wp-json\/wp\/v2\/users\/1"}],"replies":[{"embeddable":true,"href":"https:\/\/clinista.com\/tr\/wp-json\/wp\/v2\/comments?post=2909"}],"version-history":[{"count":0,"href":"https:\/\/clinista.com\/tr\/wp-json\/wp\/v2\/pages\/2909\/revisions"}],"wp:featuredmedia":[{"embeddable":true,"href":"https:\/\/clinista.com\/tr\/wp-json\/wp\/v2\/media\/8866"}],"wp:attachment":[{"href":"https:\/\/clinista.com\/tr\/wp-json\/wp\/v2\/media?parent=2909"}],"curies":[{"name":"wp","href":"https:\/\/api.w.org\/{rel}","templated":true}]}}