{"id":2912,"date":"2018-09-14T11:39:07","date_gmt":"2018-09-14T08:39:07","guid":{"rendered":"https:\/\/clinista.com\/?page_id=2912"},"modified":"2025-12-21T19:26:31","modified_gmt":"2025-12-21T16:26:31","slug":"kas-ekimi","status":"publish","type":"page","link":"https:\/\/clinista.com\/tr\/kas-ekimi\/","title":{"rendered":"Ka\u015f Ekimi"},"content":{"rendered":"<h1><strong>Ka\u015f Ekimi<\/strong><\/h1>\n<p>Ka\u015f Ekimi operasyonlar\u0131n\u0131 tercih eden ki\u015filerin say\u0131s\u0131 her ge\u00e7en g\u00fcn artmaktad\u0131r. Ka\u015flar y\u00fcz\u00fcm\u00fczde g\u00f6rselli\u011fe etki eden unsurlar aras\u0131nda \u00fcst s\u0131ralarda yer almaktad\u0131r. Bu sebeple ka\u015flarla ilgili sorunlu olan ki\u015filer i\u00e7in ka\u015f ekimi olduk\u00e7a \u00f6nemlidir. Ayr\u0131ca ka\u015f ekimi operasyonlar\u0131 sadece estetik kayg\u0131larla de\u011fil herhangi bir yara, yan\u0131k, \u00e7izik gibi unsurlar\u0131 kapatmak amac\u0131yla da s\u0131kl\u0131kla tercih edilen bir y\u00f6ntemdir.<\/p>\n<h2><strong>Ka\u015f Ekimi Operasyonu Nas\u0131l Yap\u0131lmaktad\u0131r?<\/strong><\/h2>\n<p>Ka\u015f ekimi operasyonu FUE sa\u00e7 ekimi mant\u0131\u011f\u0131 ile ger\u00e7ekle\u015ftirmektedir. Ger\u00e7ekle\u015ftirilen operasyon ortalama olarak 1,5-2 saat s\u00fcren ka\u015f ekimi i\u015flemi lokal anestezi yap\u0131larak uygulanmaktad\u0131r. Operasyon sonras\u0131nda hastan\u0131n hastanede kalmas\u0131na gerek yoktur. Ayn\u0131 g\u00fcn taburcu edilmektedir. Ka\u015f ekimi yap\u0131lan b\u00f6lge ortalama 7 g\u00fcn i\u00e7erisinde \u00e7ok k\u00fc\u00e7\u00fck kabuklanmalar olu\u015fmaktad\u0131r. Bu kabuklar\u0131n d\u00f6k\u00fclme s\u00fcresinden sonra ki\u015fi i\u015f ve sosyal hayat\u0131na rahatl\u0131kla devam edebilmektedir. Yap\u0131lan ka\u015f ekimi operasyonundan sonra 15 g\u00fcn s\u00fcre ile denize girmek, g\u00fcne\u015flenmek gibi aktiviteler yasakt\u0131r. Ekilen ka\u015flar 3 ay sonra \u00e7\u0131kmaya ba\u015flar ve 7-8 ay i\u00e7erisinde \u00e7\u0131k\u0131\u015f\u0131n\u0131 tamamlayarak planlanan \u015feklini almaktad\u0131r. Bu d\u00f6nemde ka\u015flar\u0131 s\u0131k s\u0131k d\u00fczeltmek ve \u00e7\u0131k\u0131\u015f y\u00f6n\u00fcne g\u00f6re taramak g\u00f6rsellik a\u00e7\u0131s\u0131ndan iyi olacakt\u0131r.<\/p>\n<h2><strong>Ka\u015f Ekiminde Do\u011fall\u0131k<\/strong><\/h2>\n<p>Ka\u015f ekimi operasyonlar\u0131nda do\u011fall\u0131k en \u00f6nemli etken olarak g\u00f6ze \u00e7arpmaktad\u0131r. \u00c7\u00fcnk\u00fc ka\u015flar direkt olarak g\u00f6rselli\u011fe etki etmektedir. Bu sebeple yap\u0131lan operasyonlarda do\u011fal olmayan i\u015flemler ki\u015finin d\u0131\u015f g\u00f6r\u00fcn\u00fc\u015f\u00fcne olduk\u00e7a olumsuz etki etmektedir. Burada ki\u015fini y\u00fcz \u015feklinde uygun ve g\u00f6rsel anlamda b\u00fct\u00fcnl\u00fck sa\u011flayacak \u015fekilde ka\u015f ekimi yap\u0131lmal\u0131d\u0131r. Yanl\u0131\u015f teknikler ile uygulanan ka\u015f ekimi i\u015flemleri sonras\u0131nda sonu\u00e7lar \u00e7ok k\u00f6t\u00fc olabilmekte hatta ki\u015finin psikolojisini bozacak derecede \u00e7irkin durabilmektedir. A\u015fa\u011f\u0131da solda daha \u00f6nceden ka\u015f ekimi yapt\u0131rm\u0131\u015f fakat do\u011fru k\u00f6k se\u00e7imi ve konumland\u0131rmas\u0131 yap\u0131lmam\u0131\u015f bir ka\u015f ekimi g\u00f6rmektesiniz. Merkezimizde yap\u0131lan revizyon ka\u015f ekimi sonras\u0131nda 3.ayda ald\u0131\u011f\u0131m\u0131z sonu\u00e7 ise sa\u011fdaki karede yer almaktad\u0131r.<\/p>\n<p>&nbsp;<\/p>\n<h2 style=\"text-align: left;\"><strong>Ka\u015f Ekiminde Do\u011fal Sonu\u00e7lar i\u00e7in &#8220;T\u00fcb\u00fcler Teknik&#8221;<\/strong><\/h2>\n<p>Ka\u015f ekimi sonras\u0131 en \u00e7ok kar\u015f\u0131la\u015f\u0131lan ve korkulan durum ka\u015flar\u0131n \u00e7\u0131k\u0131\u015f a\u00e7\u0131s\u0131ndaki sorunlard\u0131r. T\u00fcb\u00fcler teknik ile cilde neredeyse paralel ve ka\u015f\u0131n 15-20 derecelik \u00e7\u0131k\u0131\u015f a\u00e7\u0131s\u0131na yak\u0131n t\u00fcp \u015feklinde kanallar a\u00e7\u0131lmaktad\u0131r. Bu sayede ka\u015f ekimi s\u0131ras\u0131nda ve sonras\u0131nda ka\u015flar\u0131n \u00e7\u0131k\u0131\u015f a\u00e7\u0131s\u0131nda sorun olmaz ve do\u011fala yak\u0131n sonu\u00e7lar elde edilir.<\/p>\n<p><img loading=\"lazy\" decoding=\"async\" class=\"size-full wp-image-8679 aligncenter\" src=\"https:\/\/clinista.com\/wp-content\/uploads\/2019\/07\/kas-ekimi-tubuler-teknik.jpg\" alt=\"\" width=\"800\" height=\"400\"><\/p>\n<p>&nbsp;<\/p>\n<h2 class=\"post-title\"><strong>Ka\u015f Ekiminde Y\u00fcz \u015eekline G\u00f6re Ka\u015f Modeli<\/strong><\/h2>\n<div class=\"post-meta\">Ka\u015flar ve ka\u015f tasar\u0131mlar\u0131 son y\u0131llarda be\u011feni toplasa da, genellikle ufak detaylar g\u00f6zden ka\u00e7\u0131r\u0131l\u0131r ve dikkat edilmez. Asl\u0131nda nedenini g\u00f6rmek zor de\u011fildir; ka\u015flar\u0131m\u0131z g\u00f6zler gibi \u0131\u015f\u0131lt\u0131l\u0131 veya dudaklar gibi \u00e7ekici de\u011filler ama ka\u015flar\u0131m\u0131z y\u00fcz\u00fcn sessiz i\u015f g\u00fcc\u00fcd\u00fcr. Asl\u0131nda ka\u015flar\u0131n y\u00fcz\u00fcm\u00fczdeki proporsiyonda b\u00fcy\u00fck bir yeri vard\u0131r. Ka\u015flar y\u00fcz \u00f6zelliklerini \u00e7er\u00e7eveler, denge yarat\u0131r, b\u00f6ylece tamamen de\u011fi\u015ftiklerinde veya tamamen d\u00fc\u015ft\u00fcklerinde, y\u00fcz\u00fcn dengesi bozulur \u2013 ve etki dramatik olabilir.Bu k\u0131lavuzda, ka\u015f \u015fekillerini ele alaca\u011f\u0131z ve benzersiz y\u00fcz \u015fekliniz i\u00e7in hangi ka\u015f \u015feklinin en iyi oldu\u011funu belirlemenize yard\u0131mc\u0131 olaca\u011f\u0131z.<\/div>\n<div><\/div>\n<div>\n<h2><strong>Ka\u015f \u015eekillendirme Se\u00e7enekleri:<\/strong><\/h2>\n<p>C\u0131mb\u0131z yapman\u0131n yan\u0131 s\u0131ra, mevcut ka\u015flar\u0131n \u015feklini de\u011fi\u015ftirmek veya yo\u011funlu\u011funu artt\u0131rmak, ka\u015flar\u0131n\u0131z\u0131 tamamen kaybettiyseniz geriye d\u00f6nd\u00fcrmek i\u00e7in birka\u00e7 yol vard\u0131r. Her ka\u015f \u015feklinin ayr\u0131nt\u0131lar\u0131na girmeden \u00f6nce, ka\u015flar\u0131n\u0131z\u0131 de\u011fi\u015ftirme veya geli\u015ftirme se\u00e7eneklerinizi ak\u0131lda tutmak \u00f6nemlidir. \u0130\u015fte se\u00e7enekleriniz;<\/p>\n<h3><strong><em>1. Ka\u015f Makyaj\u0131:<\/em><\/strong><\/h3>\n<p>Ka\u015f kalemlerinden pudralara kadar, ka\u015flar\u0131n\u0131z\u0131 \u00e7izmenin bir\u00e7ok farkl\u0131 yolu vard\u0131r. Ka\u015f\u0131n \u015feklini tan\u0131mlamak i\u00e7in bir \u015fablon kullanabilir veya serbest\u00e7e \u00e7izebilirsiniz. Ge\u00e7ici d\u00f6vmeleri ve ger\u00e7ek\u00e7i ka\u015f peruklar\u0131n\u0131 \u201c<em>ki\u015fiselle\u015ftirmek<\/em>\u201d i\u00e7in ka\u015f makyaj\u0131n\u0131 da kullanabilirsiniz.<\/p>\n<ul>\n<li><em>Art\u0131lar\u0131:<\/em>\u00a0Uygun maliyetli; Tamamen \u00f6zelle\u015ftirilmi\u015f ka\u015flar olu\u015fturabilirsiniz.<\/li>\n<li><em>Eksileri:<\/em>\u00a0Zaman al\u0131c\u0131 ve \u00e7aba yo\u011fun olabilir; Di\u011fer se\u00e7eneklerden daha fazla beceri ve pratik gerektirir.<\/li>\n<\/ul>\n<h3><em><strong>2. Ka\u015f D\u00f6vmeleri\u00a0<\/strong>(Microblading, kal\u0131c\u0131 ka\u015f makyaj\u0131)<strong>:<\/strong><\/em><\/h3>\n<p>Ge\u00e7ici ve kal\u0131c\u0131 ka\u015f d\u00f6vmeleri, cilde \u00e7e\u015fitli uygulama y\u00f6ntemleri ile uygulanan pigment boyalard\u0131r.<\/p>\n<ul>\n<li><em>Art\u0131lar\u0131:<\/em>\u00a0Ger\u00e7ek\u00e7i.<\/li>\n<li><em>Eksileri:<\/em>\u00a0Ka\u015f d\u00f6vmeleri do\u011fal boyalar kullan\u0131larak yap\u0131ld\u0131\u011f\u0131ndan zamanla renkleri solabilir. Ayr\u0131ca kal\u0131c\u0131 olanlarda ka\u015f \u015feklini de\u011fi\u015ftirmek istedi\u011finizde d\u00f6vme sildirme gibi uzun ve maliyetli i\u015flemler yap\u0131lmas\u0131 gerekebilir.<\/li>\n<\/ul>\n<h3><strong>3. Ka\u015f Ekimi:<\/strong><\/h3>\n<p>Ka\u015f ekimi minimal invaziv cerrahi bir y\u00f6ntemdir. Ka\u015f b\u00f6lgesi lokal anestezi ile uyu\u015fturularak, enseden al\u0131nan tekli sa\u00e7 k\u00f6kleri istenen \u015fekle g\u00f6re ka\u015f b\u00f6lgesine nakil edilir. 6 aydan itibaren ekilen ka\u015flar naturel \u015fekilde uzamaya ba\u015flar. Sonu\u00e7lar kal\u0131c\u0131d\u0131r.<\/p>\n<ul>\n<li><em>Art\u0131lar\u0131:<\/em>\u00a0Sonu\u00e7lar kal\u0131c\u0131, naturel, c\u0131mb\u0131zla istedi\u011finiz \u015fekli verebilirsiniz.<\/li>\n<li><em>Eksileri: Cerrahi i\u015flem gerektirmesi.<\/em><\/li>\n<\/ul>\n<h2><strong>Ka\u015f Ekiminde Y\u00fcz Tipine Uygun Ka\u015f \u015eekli Se\u00e7imi\u00a0<\/strong><\/h2>\n<h4>Estetik ka\u015flar\u0131 se\u00e7mek, benzersiz y\u00fcz \u015feklinizi tamamlayacak ve dengeleyecek bir model se\u00e7mekle ilgilidir.<\/h4>\n<\/div>\n<p><a href=\"https:\/\/clinista.com\/wp-content\/uploads\/2020\/01\/clinista-ka\u015f-\u015fekilleri.png\"><img loading=\"lazy\" decoding=\"async\" class=\"wp-image-5455 size-full alignleft\" src=\"https:\/\/clinista.com\/wp-content\/uploads\/2020\/01\/clinista-ka\u015f-\u015fekilleri.png\" alt=\"\" width=\"500\" height=\"262\" srcset=\"https:\/\/clinista.com\/wp-content\/uploads\/2020\/01\/clinista-ka\u015f-\u015fekilleri.png 500w, https:\/\/clinista.com\/wp-content\/uploads\/2020\/01\/clinista-ka\u015f-\u015fekilleri-320x168.png 320w\" sizes=\"auto, (max-width: 500px) 100vw, 500px\" \/><\/a><\/p>\n<div>\n<ul>\n<li><strong>Oval Y\u00fcz \u015eekli:\u00a0<\/strong>Zaten en \u00e7ok g\u00f6ze \u00e7arpan y\u00fcz \u015fekline sahip oldu\u011funuzdan, yumu\u015fak kavisli yumu\u015fak bir ka\u015f en gurur verici; y\u00fcz\u00fcn\u00fcz\u00fcn do\u011fal dengesini koruyacakt\u0131r.<\/li>\n<li><strong>Elmas Y\u00fcz \u015eekli:\u00a0<\/strong>Elmas \u015feklindeki bir y\u00fcz dengelidir, ancak a\u00e7\u0131sald\u0131r; a\u00e7\u0131lar\u0131 yumu\u015fatmak i\u00e7in kavisli ama yumu\u015fak kavis ve ge\u00e7i\u015flere sahip bir ka\u015f se\u00e7in.<\/li>\n<li><strong>Yuvarlak Y\u00fcz \u015eekli:\u00a0<\/strong><span title=\"\">Yuvarlak bir y\u00fcz\u00fcn\u00fcz varsa, y\u00fcz\u00fcn\u00fcz\u00fcn daha uzun ve daha az dairesel g\u00f6r\u00fcnmesini istiyorsan\u0131z;<\/span>\u00a0<span class=\"\" title=\"\">orta ila y\u00fcksek kavis y\u00fcksekli\u011fine ve sert veya yumu\u015fak a\u00e7\u0131l\u0131 kavislere sahip ka\u015flar y\u00fcz\u00fcn\u00fcz\u00fc uzatmaya yard\u0131mc\u0131 olacakt\u0131r.<\/span>\u00a0<span class=\"\" title=\"\">Yuvarlak ka\u015flar, yuvarlak y\u00fczl\u00fc olanlar i\u00e7in en az etkileyici se\u00e7enek olacakt\u0131r.<\/span><\/li>\n<li><strong><span title=\"\">Kare Y\u00fcz \u015eekli:\u00a0<\/span><\/strong><span title=\"\">Yumu\u015fak veya sert a\u00e7\u0131l\u0131 kemerli tam ve kal\u0131n ka\u015flar, \u00e7eneden g\u00f6zlere dikkat \u00e7ekerek y\u00fcz\u00fcn\u00fcz\u00fcn a\u00e7\u0131lar\u0131n\u0131 yumu\u015fat\u0131r.<\/span>\u00a0<span title=\"\">Yumu\u015fak a\u00e7\u0131l\u0131 bir kavis \u00e7ene \u00e7izgisini yumu\u015fatmaya yard\u0131mc\u0131 olabilir, ancak d\u00fc\u015f\u00fck kemer y\u00fcksekli\u011fine sahip sert a\u00e7\u0131l\u0131 bir kaviste de iyi duracakt\u0131r.<\/span>\u00a0<span class=\"\" title=\"\">Yuvarlak bir kavis do\u011fal g\u00f6r\u00fcnmeyecek ve \u00e7ene \u00e7izgisini vurgulayacakt\u0131r, bu y\u00fczden ideal de\u011fildir.<\/span><\/li>\n<li><strong>Kalp \u015feklinde y\u00fcz:<\/strong>\u00a0Hassas y\u00fcz yap\u0131n\u0131z nedeniyle hassas bir ka\u015f ihtiyac\u0131n\u0131z var; dolu, a\u011f\u0131r yap\u0131land\u0131r\u0131lm\u0131\u015f veya y\u00fcksek kavisli ka\u015flar y\u00fcz\u00fcn\u00fczde ezici g\u00f6r\u00fcnecek ve aln\u0131na \u00e7ok fazla dikkat \u00e7ekecektir. D\u00fc\u015f\u00fck ila orta kavis y\u00fcksekli\u011fine sahip yumu\u015fak ka\u015flar ile kavisli veya yumu\u015fak a\u00e7\u0131l\u0131 \u015fekli sizin i\u00e7in en uygun se\u00e7im olacakt\u0131r.<\/li>\n<li><strong>Armut \u015eekilli Y\u00fcz:<\/strong>\u00a0Armut \u015feklinde bir y\u00fcz\u00fcn\u00fcz varsa, ka\u015flar\u0131n\u0131z aln\u0131nda geni\u015flik olu\u015fturmak i\u00e7in orta bir kemer y\u00fcksekli\u011fine ve geni\u015fletilmi\u015f ka\u015f kuyruklar\u0131na sahip olmal\u0131d\u0131r.<\/li>\n<li><strong>Dikd\u00f6rtgen Y\u00fcz \u015eekli:<\/strong>\u00a0Y\u00fcz\u00fcn uzunlu\u011funu dengelemek i\u00e7in, ka\u015flar\u0131n y\u00fcz\u00fcn\u00fczde geni\u015flik yaratmas\u0131 gerekir, bunun i\u00e7in geni\u015fletilmi\u015f ve uzun ka\u015f kuyruklar\u0131 olmal\u0131d\u0131r. Yumu\u015fak bir kavis y\u00fcksekli\u011fi de y\u00fcz\u00fcn k\u0131salmas\u0131na yard\u0131mc\u0131 olacakt\u0131r.<\/li>\n<\/ul>\n<p>&nbsp;<\/p>\n<h4><strong>Bilgilendirme ve tan\u0131t\u0131m kapsam\u0131nda sitemizde yan\u0131lt\u0131c\u0131, abart\u0131l\u0131, do\u011frulu\u011fu bilimsel olarak kan\u0131tlanmam\u0131\u015f bilgiler ve talep yaratmaya y\u00f6nelik a\u00e7\u0131klamalar yer almamaktad\u0131r. Tan\u0131 ve tedavi i\u00e7in mutlaka doktorunuza ba\u015fvurunuz.\u00a0<\/strong><\/h4>\n<p>&nbsp;<\/p>\n<\/div>\n","protected":false},"excerpt":{"rendered":"<p>Ka\u015f Ekimi Ka\u015f Ekimi operasyonlar\u0131n\u0131 tercih eden ki\u015filerin say\u0131s\u0131 her ge\u00e7en g\u00fcn artmaktad\u0131r. Ka\u015flar y\u00fcz\u00fcm\u00fczde g\u00f6rselli\u011fe etki eden unsurlar aras\u0131nda \u00fcst s\u0131ralarda yer almaktad\u0131r. Bu sebeple ka\u015flarla ilgili sorunlu olan ki\u015filer i\u00e7in ka\u015f ekimi olduk\u00e7a \u00f6nemlidir. Ayr\u0131ca ka\u015f ekimi operasyonlar\u0131 sadece estetik kayg\u0131larla de\u011fil herhangi bir yara, yan\u0131k, \u00e7izik gibi unsurlar\u0131 kapatmak amac\u0131yla da s\u0131kl\u0131kla [&hellip;]<\/p>\n","protected":false},"author":1,"featured_media":8866,"parent":0,"menu_order":0,"comment_status":"closed","ping_status":"closed","template":"","meta":{"_acf_changed":false,"footnotes":""},"class_list":["post-2912","page","type-page","status-publish","has-post-thumbnail","hentry"],"acf":[],"_links":{"self":[{"href":"https:\/\/clinista.com\/tr\/wp-json\/wp\/v2\/pages\/2912","targetHints":{"allow":["GET"]}}],"collection":[{"href":"https:\/\/clinista.com\/tr\/wp-json\/wp\/v2\/pages"}],"about":[{"href":"https:\/\/clinista.com\/tr\/wp-json\/wp\/v2\/types\/page"}],"author":[{"embeddable":true,"href":"https:\/\/clinista.com\/tr\/wp-json\/wp\/v2\/users\/1"}],"replies":[{"embeddable":true,"href":"https:\/\/clinista.com\/tr\/wp-json\/wp\/v2\/comments?post=2912"}],"version-history":[{"count":0,"href":"https:\/\/clinista.com\/tr\/wp-json\/wp\/v2\/pages\/2912\/revisions"}],"wp:featuredmedia":[{"embeddable":true,"href":"https:\/\/clinista.com\/tr\/wp-json\/wp\/v2\/media\/8866"}],"wp:attachment":[{"href":"https:\/\/clinista.com\/tr\/wp-json\/wp\/v2\/media?parent=2912"}],"curies":[{"name":"wp","href":"https:\/\/api.w.org\/{rel}","templated":true}]}}