{"id":300,"date":"2015-12-02T09:19:41","date_gmt":"2015-12-02T07:19:41","guid":{"rendered":"http:\/\/medical.omnicom-dev.com\/clinic\/?page_id=300"},"modified":"2026-04-01T12:35:09","modified_gmt":"2026-04-01T09:35:09","slug":"iletisim","status":"publish","type":"page","link":"https:\/\/clinista.com\/tr\/iletisim\/","title":{"rendered":"\u0130leti\u015fim"},"content":{"rendered":"<p>[vc_section full_width=&#8221;stretch_row&#8221;][vc_row full_width=&#8221;stretch_row_content_no_spaces&#8221;][vc_column][vc_gmaps link=&#8221;#E-8_JTNDaWZyYW1lJTIwc3JjJTNEJTIyaHR0cHMlM0ElMkYlMkZ3d3cuZ29vZ2xlLmNvbSUyRm1hcHMlMkZlbWJlZCUzRnBiJTNEJTIxMW0xOCUyMTFtMTIlMjExbTMlMjExZDMwMTcuMzI4OTkxNDkwNTQwNCUyMTJkMjkuMjkzNDI2OTE1Mzc1NjA1JTIxM2Q0MC44NjQ2NTM3NzkzMTU1MyUyMTJtMyUyMTFmMCUyMTJmMCUyMTNmMCUyMTNtMiUyMTFpMTAyNCUyMTJpNzY4JTIxNGYxMy4xJTIxM20zJTIxMW0yJTIxMXMweDE0Y2FjNzBiNzEwNTdjYzMlMjUzQTB4OGVjYTdmOTk1MTQwZDFkJTIxMnNDbGluaXN0YSUyQlVsdXNsYXJhcmFzJTI1QzQlMjVCMSUyQlNhJTI1QzMlMjVBNyUyQkVraW1pJTJCdmUlMkJFc3RldGlrJTJCQ2VycmFoaSUyQk1lcmtlemklMjE1ZTAlMjEzbTIlMjExc3RyJTIxMnN0ciUyMTR2MTU1NDcyMTIzOTg2MCUyMTVtMiUyMTFzdHIlMjEyc3RyJTIyJTIwd2lkdGglM0QlMjIxMjAwJTIyJTIwaGVpZ2h0JTNEJTIyMzAwJTIyJTIwZnJhbWVib3JkZXIlM0QlMjIwJTIyJTIwc3R5bGUlM0QlMjJib3JkZXIlM0EwJTIyJTIwYWxsb3dmdWxsc2NyZWVuJTNFJTNDJTJGaWZyYW1lJTNF&#8221; size=&#8221;300&#8243;][\/vc_column][\/vc_row][\/vc_section][vc_section full_width=&#8221;stretch_row&#8221; el_class=&#8221;fix-overflow gradient2&#8243; css=&#8221;.vc_custom_1533801144376{margin-bottom: 80px !important;padding-bottom: 60px !important;}&#8221;][vc_row][vc_column][vc_empty_space][vc_column_text]<\/p>\n<p style=\"text-align: center;\">Clinista\u2122 bir Clinista Sa\u011fl\u0131k Turizm ve Dan. Hiz. Tic. Ltd. \u015eti markas\u0131d\u0131r.<\/p>\n<p>\u00a0[\/vc_column_text][vc_empty_space][vc_custom_heading text=&#8221;Kurumsal \u0130leti\u015fim Ofisi&#8221; font_container=&#8221;tag:h2|text_align:center&#8221; use_theme_fonts=&#8221;yes&#8221;][vc_empty_space][\/vc_column][\/vc_row][vc_row][vc_column width=&#8221;1\/5&#8243;][vc_single_image image=&#8221;10192&#8243; img_size=&#8221;medium&#8221; alignment=&#8221;center&#8221; style=&#8221;vc_box_shadow&#8221; onclick=&#8221;link_image&#8221;][\/vc_column][vc_column width=&#8221;1\/5&#8243;][vc_single_image image=&#8221;10200&#8243; img_size=&#8221;medium&#8221; alignment=&#8221;center&#8221; style=&#8221;vc_box_shadow&#8221; onclick=&#8221;link_image&#8221;][\/vc_column][vc_column width=&#8221;1\/5&#8243;][vc_single_image image=&#8221;11385&#8243; img_size=&#8221;medium&#8221; alignment=&#8221;center&#8221; style=&#8221;vc_box_shadow&#8221; onclick=&#8221;link_image&#8221;][\/vc_column][vc_column width=&#8221;1\/5&#8243;][vc_single_image image=&#8221;10204&#8243; img_size=&#8221;medium&#8221; alignment=&#8221;center&#8221; style=&#8221;vc_box_shadow&#8221; onclick=&#8221;link_image&#8221;][\/vc_column][vc_column width=&#8221;1\/5&#8243;][vc_single_image image=&#8221;10208&#8243; img_size=&#8221;medium&#8221; alignment=&#8221;center&#8221; style=&#8221;vc_box_shadow&#8221; onclick=&#8221;link_image&#8221;][\/vc_column][\/vc_row][vc_row][vc_column css_animation=&#8221;fadeIn&#8221; width=&#8221;1\/3&#8243; el_class=&#8221;delay-1&#8243;][vc_empty_space height=&#8221;30px&#8221;]<div class=\"iconbox  \">\n\n\t<h4 class=\"box-title\">\u0130leti\u015fim Numaralar\u0131m\u0131z<\/h4>\n\t<div class=\"box-detail\">\n\t\t<p><!-- Google Fonts Raleway Entegrasyonu --><\/p>\n<p><span style=\"color: #000000\"><a class=\"phone-link\" style=\"color: #000000;text-decoration: none\" href=\"tel:00905513877882\"><br \/>\n<span style=\"color: #003366\">Randevu Bilgi 05513877882<\/span><br \/>\n<\/a><\/span><\/p>\n<p><span style=\"color: #003366\">\u00c7al\u0131\u015fma saatleri hafta i\u00e7i: 09:00-17:00 Cumartesi: 09:00-14:00<\/span><\/p>\n\t\n\t<\/div>\n\t\t\n\t\n\t\t<div class=\"box-readmore\">\n\t\t\t<a class=\"button no-bg\" href=\"tel:%20+90%20551%20387%207882\">Hemen Ara!<\/a>\n\t\t<\/div>\n<\/div>[vc_empty_space height=&#8221;30px&#8221;][\/vc_column][vc_column css_animation=&#8221;fadeIn&#8221; width=&#8221;1\/3&#8243; el_class=&#8221;delay-2&#8243;][vc_empty_space height=&#8221;30px&#8221;]<div class=\"iconbox  \">\n\n\t<h4 class=\"box-title\">Adres<\/h4>\n\t<div class=\"box-detail\">\n\t\t<\/p>\n<p style=\"text-align: center\">Ba\u011fdat cad. Suadiye Mah. Ira apt. No:411 Daire: 5 Kadikoy \/ \u0130stanbul<\/p>\n<p style=\"text-align: center\">Editor: <a href=\"mailto:onur.ergen@clinista.com\">info@clinista.com<\/a><\/p>\n<p>\n\t\n\t<\/div>\n\t\t\n\t\n\t\t<div class=\"box-readmore\">\n\t\t\t<a class=\"button no-bg\" href=\"https:\/\/www.google.com.tr\/maps\/place\/Clinista+Uluslararas%C4%B1+Sa%C3%A7+Ekimi+ve+Estetik+Cerrahi+Merkezi\/@40.8646538,29.2956156,15z\/data=!4m5!3m4!1s0x0:0x8eca7f995140d1d!8m2!3d40.8646538!4d29.2956156\" rel=\"nofollow noopener\" target=\"_blank\">Konumu G\u00f6r\u00fcnt\u00fcle<\/a>\n\t\t<\/div>\n<\/div>[vc_empty_space height=&#8221;30px&#8221;][\/vc_column][vc_column css_animation=&#8221;fadeIn&#8221; width=&#8221;1\/3&#8243; el_class=&#8221;delay-3&#8243;][vc_empty_space height=&#8221;30px&#8221;]<div class=\"iconbox  \">\n\n\t<h4 class=\"box-title\">SSS<\/h4>\n\t<div class=\"box-detail\">\n\t\t<\/p>\n<p style=\"text-align: center\">S\u0131k sorulan sorulara verdi\u011fimiz cevaplar i\u00e7in \u00f6nce <a href=\"https:\/\/clinista.com\/sac-ekimi-nasil-yapilir\/\">SSS<\/a> b\u00f6l\u00fcm\u00fcne g\u00f6z at\u0131n. Di\u011fer sorular\u0131n\u0131z i\u00e7in bize mesaj atabilir veya ileti\u015fim hatt\u0131m\u0131zdan arayabilirsiniz.<\/p>\n<p>\n\t\n\t<\/div>\n\t\t\n\t\n\t\t<div class=\"box-readmore\">\n\t\t\t<a class=\"button no-bg\" href=\"https:\/\/clinista.com\/sac-ekimi-nasil-yapilir\/\">Yard\u0131m Merkezi<\/a>\n\t\t<\/div>\n<\/div>[vc_empty_space height=&#8221;30px&#8221;][\/vc_column][\/vc_row][\/vc_section]<\/p>\n","protected":false},"excerpt":{"rendered":"<p>[vc_section full_width=&#8221;stretch_row&#8221;][vc_row full_width=&#8221;stretch_row_content_no_spaces&#8221;][vc_column][vc_gmaps link=&#8221;#E-8_JTNDaWZyYW1lJTIwc3JjJTNEJTIyaHR0cHMlM0ElMkYlMkZ3d3cuZ29vZ2xlLmNvbSUyRm1hcHMlMkZlbWJlZCUzRnBiJTNEJTIxMW0xOCUyMTFtMTIlMjExbTMlMjExZDMwMTcuMzI4OTkxNDkwNTQwNCUyMTJkMjkuMjkzNDI2OTE1Mzc1NjA1JTIxM2Q0MC44NjQ2NTM3NzkzMTU1MyUyMTJtMyUyMTFmMCUyMTJmMCUyMTNmMCUyMTNtMiUyMTFpMTAyNCUyMTJpNzY4JTIxNGYxMy4xJTIxM20zJTIxMW0yJTIxMXMweDE0Y2FjNzBiNzEwNTdjYzMlMjUzQTB4OGVjYTdmOTk1MTQwZDFkJTIxMnNDbGluaXN0YSUyQlVsdXNsYXJhcmFzJTI1QzQlMjVCMSUyQlNhJTI1QzMlMjVBNyUyQkVraW1pJTJCdmUlMkJFc3RldGlrJTJCQ2VycmFoaSUyQk1lcmtlemklMjE1ZTAlMjEzbTIlMjExc3RyJTIxMnN0ciUyMTR2MTU1NDcyMTIzOTg2MCUyMTVtMiUyMTFzdHIlMjEyc3RyJTIyJTIwd2lkdGglM0QlMjIxMjAwJTIyJTIwaGVpZ2h0JTNEJTIyMzAwJTIyJTIwZnJhbWVib3JkZXIlM0QlMjIwJTIyJTIwc3R5bGUlM0QlMjJib3JkZXIlM0EwJTIyJTIwYWxsb3dmdWxsc2NyZWVuJTNFJTNDJTJGaWZyYW1lJTNF&#8221; size=&#8221;300&#8243;][\/vc_column][\/vc_row][\/vc_section][vc_section full_width=&#8221;stretch_row&#8221; el_class=&#8221;fix-overflow gradient2&#8243; css=&#8221;.vc_custom_1533801144376{margin-bottom: 80px !important;padding-bottom: 60px !important;}&#8221;][vc_row][vc_column][vc_empty_space][vc_column_text] Clinista\u2122 bir Clinista Sa\u011fl\u0131k Turizm ve Dan. Hiz. Tic. Ltd. \u015eti markas\u0131d\u0131r. \u00a0[\/vc_column_text][vc_empty_space][vc_custom_heading text=&#8221;Kurumsal \u0130leti\u015fim Ofisi&#8221; font_container=&#8221;tag:h2|text_align:center&#8221; use_theme_fonts=&#8221;yes&#8221;][vc_empty_space][\/vc_column][\/vc_row][vc_row][vc_column width=&#8221;1\/5&#8243;][vc_single_image image=&#8221;10192&#8243; img_size=&#8221;medium&#8221; alignment=&#8221;center&#8221; style=&#8221;vc_box_shadow&#8221; onclick=&#8221;link_image&#8221;][\/vc_column][vc_column width=&#8221;1\/5&#8243;][vc_single_image image=&#8221;10200&#8243; img_size=&#8221;medium&#8221; alignment=&#8221;center&#8221; style=&#8221;vc_box_shadow&#8221; onclick=&#8221;link_image&#8221;][\/vc_column][vc_column width=&#8221;1\/5&#8243;][vc_single_image image=&#8221;11385&#8243; img_size=&#8221;medium&#8221; alignment=&#8221;center&#8221; style=&#8221;vc_box_shadow&#8221; onclick=&#8221;link_image&#8221;][\/vc_column][vc_column width=&#8221;1\/5&#8243;][vc_single_image image=&#8221;10204&#8243; img_size=&#8221;medium&#8221; alignment=&#8221;center&#8221; style=&#8221;vc_box_shadow&#8221; onclick=&#8221;link_image&#8221;][\/vc_column][vc_column [&hellip;]<\/p>\n","protected":false},"author":1,"featured_media":0,"parent":0,"menu_order":0,"comment_status":"closed","ping_status":"closed","template":"","meta":{"_acf_changed":false,"footnotes":""},"class_list":["post-300","page","type-page","status-publish","hentry"],"acf":[],"_links":{"self":[{"href":"https:\/\/clinista.com\/tr\/wp-json\/wp\/v2\/pages\/300","targetHints":{"allow":["GET"]}}],"collection":[{"href":"https:\/\/clinista.com\/tr\/wp-json\/wp\/v2\/pages"}],"about":[{"href":"https:\/\/clinista.com\/tr\/wp-json\/wp\/v2\/types\/page"}],"author":[{"embeddable":true,"href":"https:\/\/clinista.com\/tr\/wp-json\/wp\/v2\/users\/1"}],"replies":[{"embeddable":true,"href":"https:\/\/clinista.com\/tr\/wp-json\/wp\/v2\/comments?post=300"}],"version-history":[{"count":0,"href":"https:\/\/clinista.com\/tr\/wp-json\/wp\/v2\/pages\/300\/revisions"}],"wp:attachment":[{"href":"https:\/\/clinista.com\/tr\/wp-json\/wp\/v2\/media?parent=300"}],"curies":[{"name":"wp","href":"https:\/\/api.w.org\/{rel}","templated":true}]}}