{"id":3063,"date":"2018-09-29T12:33:24","date_gmt":"2018-09-29T09:33:24","guid":{"rendered":"https:\/\/clinista.com\/?page_id=3063"},"modified":"2026-01-02T18:33:34","modified_gmt":"2026-01-02T15:33:34","slug":"hasta-rehberi","status":"publish","type":"page","link":"https:\/\/clinista.com\/tr\/hasta-rehberi\/","title":{"rendered":"Hasta Rehberi"},"content":{"rendered":"<p>[vc_row][vc_column][vc_empty_space][vc_video link=&#8221;https:\/\/www.youtube.com\/watch?v=Ny56ecqzjvI&#8221;][vc_empty_space][\/vc_column][\/vc_row][vc_row][vc_column width=&#8221;1\/4&#8243;][\/vc_column][vc_column width=&#8221;1\/2&#8243;][\/vc_column][vc_column width=&#8221;1\/4&#8243;][\/vc_column][\/vc_row][vc_row][vc_column width=&#8221;1\/5&#8243;][vc_single_image image=&#8221;2808&#8243; img_size=&#8221;&#8221; onclick=&#8221;custom_link&#8221;][vc_empty_space height=&#8221;8px&#8221;][vc_custom_heading text=&#8221;Sa\u00e7 Ekimi Sonras\u0131 Dikkat Edilmesi Gerekenler&#8221; font_container=&#8221;tag:h4|text_align:left&#8221; use_theme_fonts=&#8221;yes&#8221; link=&#8221;url:https%3A%2F%2Fclinista.com%2Fsac-ekimi-sonrasi-dikkat-edilmesi-gerekenler%2F|title:Sa%C3%A7%20Ekimi%20Sonras%C4%B1%20Dikkat%20Edilmesi%20Gerekenler||&#8221;][vc_empty_space height=&#8221;8px&#8221;][vc_column_text]Sa\u00e7 ekim s\u00fcrecinin devam\u0131 niteli\u011finde olan\u00a0<a href=\"https:\/\/clinista.com\/sac-ekimi-sonrasi-dikkat-edilmesi-gerekenler\/\">sa\u00e7 ekimi sonras\u0131 dikkat edilmesi gerekenler<\/a>\u00a0noktas\u0131nda t\u00fcm ayr\u0131nt\u0131lar\u0131 bizimle ileti\u015fime ge\u00e7erek \u00f6\u011frenebilirsiniz ![\/vc_column_text][\/vc_column][vc_column width=&#8221;1\/5&#8243;][vc_single_image image=&#8221;3076&#8243; img_size=&#8221;&#8221;][vc_empty_space height=&#8221;8px&#8221;][vc_custom_heading text=&#8221;Sa\u00e7 Ekiminden Sonra Alkol ve Sigara Kullan\u0131m\u0131&#8221; font_container=&#8221;tag:h4|text_align:left&#8221; use_theme_fonts=&#8221;yes&#8221; link=&#8221;url:https%3A%2F%2Fclinista.com%2Fsac-ekiminden-sonra-alkol-ve-sigara-kullanimi%2F|title:Sa%C3%A7%20Ekiminden%20Sonra%20Alkol%20ve%20Sigara%20Kullan%C4%B1m%C4%B1||&#8221;][vc_empty_space height=&#8221;8px&#8221;][vc_column_text]<a href=\"https:\/\/clinista.com\/sac-ekiminden-sonra-alkol-ve-sigara-kullanimi\/\">Sa\u00e7 ekiminden sonra alkol ve sigara kullan\u0131m\u0131<\/a> ile ilgili merak etti\u011finiz t\u00fcm noktalar\u0131, ayr\u0131nt\u0131lar\u0131yla birlikte clinista.com\u2019da bulabilirsiniz ![\/vc_column_text][\/vc_column][vc_column width=&#8221;1\/5&#8243;][vc_single_image image=&#8221;3121&#8243; img_size=&#8221;&#8221; onclick=&#8221;custom_link&#8221;][vc_empty_space height=&#8221;8px&#8221;][vc_custom_heading text=&#8221;Sa\u00e7 Ekimi \u00d6ncesinde Dikkat Edilmesi Gerekenler&#8221; font_container=&#8221;tag:h4|text_align:left&#8221; use_theme_fonts=&#8221;yes&#8221; link=&#8221;url:https%3A%2F%2Fclinista.com%2Fsac-ekimi-oncesi-yapilmasi-gerekenler%2F|title:Sa%C3%A7%20Ekimi%20%C3%96ncesinde%20Dikkat%20Edilmesi%20Gerekenler||&#8221;][vc_empty_space height=&#8221;8px&#8221;][vc_column_text]<a href=\"https:\/\/clinista.com\/sac-ekim-sonrasi-kullanilan-ilac-ve-sampuanlar\/\">Sa\u00e7 ekiminden sonra kullan\u0131lmas\u0131 gereken ila\u00e7 ve \u015fampuanlar<\/a>\u00a0ile ilgili merak etti\u011finiz t\u00fcm detaylar i\u00e7in hasta rehberimizden faydalanabilir ve bizimle ileti\u015fime ge\u00e7ebilirsiniz ![\/vc_column_text][\/vc_column][vc_column width=&#8221;1\/5&#8243;][vc_single_image image=&#8221;3121&#8243; img_size=&#8221;&#8221; onclick=&#8221;custom_link&#8221;][vc_empty_space height=&#8221;8px&#8221;][vc_custom_heading text=&#8221;Sa\u00e7 Ekimi \u00d6ncesi ve Sonras\u0131nda Yap\u0131lmas\u0131 Gerekenler&#8221; font_container=&#8221;tag:h4|text_align:left&#8221; use_theme_fonts=&#8221;yes&#8221; link=&#8221;|||&#8221;][vc_empty_space height=&#8221;8px&#8221;][vc_column_text]<a href=\"https:\/\/clinista.com\/sac-ekimi-oncesi-ve-sonrasi-yapilmasi-gerekenler\/\">Sa\u00e7 ekimi \u00f6ncesi ve sonras\u0131 yap\u0131lmas\u0131 gerekenler<\/a> ile ilgili daha fazla bilgi i\u00e7in hasta rehberinden yararlanabilir veya bizimle ileti\u015fime ge\u00e7ebilirsiniz ![\/vc_column_text][\/vc_column][vc_column width=&#8221;1\/5&#8243;][vc_single_image image=&#8221;3121&#8243; img_size=&#8221;&#8221; onclick=&#8221;custom_link&#8221;][vc_empty_space height=&#8221;8px&#8221;][vc_custom_heading text=&#8221;Sa\u00e7 Ekimi Sonras\u0131 Kullan\u0131lan \u0130la\u00e7 ve \u015eampuanlar&#8221; font_container=&#8221;tag:h4|text_align:left&#8221; use_theme_fonts=&#8221;yes&#8221; link=&#8221;url:https%3A%2F%2Fclinista.com%2Fsac-ekim-sonrasi-kullanilan-ilac-ve-sampuanlar%2F|title:Sa%C3%A7%20Ekim%20Sonras%C4%B1%20Kullan%C4%B1lan%20%C4%B0la%C3%A7%20ve%20%C5%9Eampuanlar||&#8221;][vc_empty_space height=&#8221;8px&#8221;][vc_column_text]<a href=\"https:\/\/clinista.com\/sac-ekim-sonrasi-kullanilan-ilac-ve-sampuanlar\/\">Sa\u00e7 ekiminden sonra kullan\u0131lmas\u0131 gereken ila\u00e7 ve \u015fampuanlar<\/a>\u00a0ile ilgili merak etti\u011finiz t\u00fcm detaylar i\u00e7in hasta rehberimizden faydalanabilir ve bizimle ileti\u015fime ge\u00e7ebilirsiniz ![\/vc_column_text][\/vc_column][\/vc_row]<\/p>\n","protected":false},"excerpt":{"rendered":"<p>[vc_row][vc_column][vc_empty_space][vc_video link=&#8221;https:\/\/www.youtube.com\/watch?v=Ny56ecqzjvI&#8221;][vc_empty_space][\/vc_column][\/vc_row][vc_row][vc_column width=&#8221;1\/4&#8243;][\/vc_column][vc_column width=&#8221;1\/2&#8243;][\/vc_column][vc_column width=&#8221;1\/4&#8243;][\/vc_column][\/vc_row][vc_row][vc_column width=&#8221;1\/5&#8243;][vc_single_image image=&#8221;2808&#8243; img_size=&#8221;&#8221; onclick=&#8221;custom_link&#8221;][vc_empty_space height=&#8221;8px&#8221;][vc_custom_heading text=&#8221;Sa\u00e7 Ekimi Sonras\u0131 Dikkat Edilmesi Gerekenler&#8221; font_container=&#8221;tag:h4|text_align:left&#8221; use_theme_fonts=&#8221;yes&#8221; link=&#8221;url:https%3A%2F%2Fclinista.com%2Fsac-ekimi-sonrasi-dikkat-edilmesi-gerekenler%2F|title:Sa%C3%A7%20Ekimi%20Sonras%C4%B1%20Dikkat%20Edilmesi%20Gerekenler||&#8221;][vc_empty_space height=&#8221;8px&#8221;][vc_column_text]Sa\u00e7 ekim s\u00fcrecinin devam\u0131 niteli\u011finde olan\u00a0sa\u00e7 ekimi sonras\u0131 dikkat edilmesi gerekenler\u00a0noktas\u0131nda t\u00fcm ayr\u0131nt\u0131lar\u0131 bizimle ileti\u015fime ge\u00e7erek \u00f6\u011frenebilirsiniz ![\/vc_column_text][\/vc_column][vc_column width=&#8221;1\/5&#8243;][vc_single_image image=&#8221;3076&#8243; img_size=&#8221;&#8221;][vc_empty_space height=&#8221;8px&#8221;][vc_custom_heading text=&#8221;Sa\u00e7 Ekiminden Sonra Alkol ve Sigara Kullan\u0131m\u0131&#8221; font_container=&#8221;tag:h4|text_align:left&#8221; use_theme_fonts=&#8221;yes&#8221; link=&#8221;url:https%3A%2F%2Fclinista.com%2Fsac-ekiminden-sonra-alkol-ve-sigara-kullanimi%2F|title:Sa%C3%A7%20Ekiminden%20Sonra%20Alkol%20ve%20Sigara%20Kullan%C4%B1m%C4%B1||&#8221;][vc_empty_space height=&#8221;8px&#8221;][vc_column_text]Sa\u00e7 ekiminden sonra alkol [&hellip;]<\/p>\n","protected":false},"author":1,"featured_media":0,"parent":0,"menu_order":0,"comment_status":"closed","ping_status":"closed","template":"","meta":{"_acf_changed":false,"footnotes":""},"class_list":["post-3063","page","type-page","status-publish","hentry"],"acf":[],"_links":{"self":[{"href":"https:\/\/clinista.com\/tr\/wp-json\/wp\/v2\/pages\/3063","targetHints":{"allow":["GET"]}}],"collection":[{"href":"https:\/\/clinista.com\/tr\/wp-json\/wp\/v2\/pages"}],"about":[{"href":"https:\/\/clinista.com\/tr\/wp-json\/wp\/v2\/types\/page"}],"author":[{"embeddable":true,"href":"https:\/\/clinista.com\/tr\/wp-json\/wp\/v2\/users\/1"}],"replies":[{"embeddable":true,"href":"https:\/\/clinista.com\/tr\/wp-json\/wp\/v2\/comments?post=3063"}],"version-history":[{"count":0,"href":"https:\/\/clinista.com\/tr\/wp-json\/wp\/v2\/pages\/3063\/revisions"}],"wp:attachment":[{"href":"https:\/\/clinista.com\/tr\/wp-json\/wp\/v2\/media?parent=3063"}],"curies":[{"name":"wp","href":"https:\/\/api.w.org\/{rel}","templated":true}]}}