{"id":6917,"date":"2021-03-01T03:51:05","date_gmt":"2021-03-01T00:51:05","guid":{"rendered":"https:\/\/clinista.com\/?page_id=6917"},"modified":"2024-07-17T11:40:08","modified_gmt":"2024-07-17T08:40:08","slug":"mardin-sac-ekimi","status":"publish","type":"page","link":"https:\/\/clinista.com\/tr\/mardin-sac-ekimi\/","title":{"rendered":"Mardin Sa\u00e7 Ekimi Merkezi Sa\u00e7 Ekim Fiyatlar\u0131"},"content":{"rendered":"<h1>Mardin Sa\u00e7 Ekimi Merkezi: \u0130stanbul&#8217;da Kaliteli Hizmet<\/h1>\n<p>Erkeklik hormonuyla alakal\u0131 olan yada genetik sebeplerden dolay\u0131 ortaya \u00e7\u0131kan sa\u00e7 d\u00f6k\u00fclmesi, kad\u0131nlarda da g\u00f6r\u00fclen bir sorun haline geldi. <strong>Mardin Sa\u00e7 Ekimi arayan ki\u015filere<\/strong> tedavide uygulanacak tetkiklere de bak\u0131larak \u00f6nce sa\u00e7 ekimi yap\u0131lacak olan aday\u0131n bu i\u015flem i\u00e7in uygun olup olmad\u0131\u011f\u0131na bak\u0131l\u0131r. Lokal anestezi olarak ta insanlar\u0131n v\u00fccudunun belli b\u00f6l\u00fcmlerinden al\u0131nan sa\u00e7 k\u00f6kleri kafa b\u00f6lgesine transfer edilmektedir. Sa\u00e7 ekimi operasyonu sonras\u0131 ki\u015filer normal g\u00fcndelik hayatlar\u0131na k\u0131sa bir s\u00fcrede tekrar d\u00f6nmektedir. Clinista ile bu i\u015flem 3 ile 7 saat aras\u0131nda de\u011fi\u015fmektedir. Genellikle erkeklerde genetik bir durum olarak bak\u0131lan sa\u00e7 d\u00f6k\u00fclmesi \u00e7o\u011fu zaman stres ve d\u0131\u015f etkenler y\u00fcz\u00fcnden de olabiliyor. Mardin Sa\u00e7 Ekimi ki\u015fideki ilgili sorunlar\u0131n tespit edilmesi sonras\u0131nda sa\u00e7 ekimi operasyonunu ba\u015flat\u0131r.<\/p>\n<figure id=\"attachment_6871\" aria-describedby=\"caption-attachment-6871\" style=\"width: 371px\" class=\"wp-caption aligncenter\"><img loading=\"lazy\" decoding=\"async\" class=\"size-full wp-image-6871\" src=\"https:\/\/clinista.com\/wp-content\/uploads\/2021\/02\/ARA.png\" alt=\"\" width=\"371\" height=\"192\"><figcaption id=\"caption-attachment-6871\" class=\"wp-caption-text\">sa\u00e7 ekimi merkezi telefon<\/figcaption><\/figure>\n<p>Sa\u00e7 k\u00f6kleri iki farkl\u0131 y\u00f6ntem ile seyrek b\u00f6lgeye transfer yap\u0131l\u0131r. Birinci y\u00f6ntemde bu i\u015flem toplu bir \u015fekilde yap\u0131l\u0131r. \u0130kinci y\u00f6ntemde ise sa\u00e7 k\u00f6kleri tek tek \u00e7ekilip eksik b\u00f6lgeye ekilmektedir. Unutulmamal\u0131d\u0131r ki bu y\u00f6ntemlerin \u00e7e\u015fitli farkl\u0131 alt y\u00f6ntemleri de bulunmaktad\u0131r. \u00d6zellikle son zamanlarda sa\u00e7 ekim i\u015flemi artm\u0131\u015f durumda. Bu konuda hastalar\u0131n i\u00e7lerini ferah tutmas\u0131n\u0131 ve Mardin Sa\u00e7 Ekim uzmanlar\u0131na g\u00fcvenmesini istiyoruz. \u00c7\u00fcnk\u00fc Mardin Sa\u00e7 Ekimi alan\u0131nda uzman kadrosuyla uzun bir zamand\u0131r Sa\u00e7 Ekim i\u015flemleri yapmaktad\u0131r.<\/p>\n<h2><a href=\"https:\/\/clinista.com\/mardin-sac-ekimi\/\">Mardin Sa\u00e7 Ekimi<\/a><\/h2>\n<p>Sa\u00e7 Ekimi, sa\u00e7 seyrekli\u011fi ve kellik konusunda \u015fikayet\u00e7i olan ki\u015filerin \u00e7e\u015fitli y\u00f6ntemlerle v\u00fccudunun k\u00f6k konusunda g\u00fc\u00e7l\u00fc b\u00f6lgelerden al\u0131n\u0131p seyrek olan k\u0131s\u0131mlara naklidir. Mardin Sa\u00e7 Ekimi olarak size <strong>\u0130stanbul&#8217;da<\/strong> bu s\u00fcre\u00e7te profesyonel destek sa\u011fl\u0131yor.<\/p>\n<p><a href=\"tel:+905464277372\"><img loading=\"lazy\" decoding=\"async\" class=\"wp-image-6890 size-full aligncenter\" src=\"https:\/\/clinista.com\/wp-content\/uploads\/2021\/02\/van-sac-ekimi-merkezi-3.jpg\" alt=\"mardin sa\u00e7 ekimi merkezi\" width=\"599\" height=\"598\" \/><\/a><\/p>\n<p>Sa\u00e7 ekiminde iki farkl\u0131 y\u00f6ntem vard\u0131r. Biri en do\u011fal olan FUT y\u00f6ntemidir. Fakat bu y\u00f6ntem zamanla daha da geli\u015ftirilerek ve olumsuzluklar\u0131ndan kurtularak FUE y\u00f6ntemi geli\u015ftirilmi\u015ftir. FUE y\u00f6nteminde ise di\u011fer y\u00f6nteme g\u00f6re yara ve yan\u0131k izi neredeyse hi\u00e7 olu\u015fmamaktad\u0131r. Bu konuda detayl\u0131 bilgiyi Mardin Sa\u00e7 Ekiminden \u00f6\u011frenebilirsiniz.<\/p>\n<h3><a href=\"https:\/\/clinista.com\/mardin-sac-ekimi\/\">Mardin Sa\u00e7 Ekim Merkezi: \u0130stanbul&#8217;da Misafirimiz olun<\/a><\/h3>\n<p>Sa\u00e7 Ekiminin \u00e7e\u015fitli a\u015famalar\u0131 bulunmaktad\u0131r. Sa\u00e7 Ekiminin ana s\u00fcre\u00e7lerini \u015f\u00f6yle s\u0131ralayabiliriz; K\u00f6k Al\u0131m\u0131, K\u00f6klerin Yerle\u015ftirilece\u011fi Yerlerde Haz\u0131rl\u0131k Yap\u0131lmas\u0131 ve Sa\u00e7 Ekimi i\u015fleminin yap\u0131lmas\u0131. Mardin Sa\u00e7 Ekimi, sizlere bu s\u00fcre\u00e7te en iyi hizmeti sa\u011flayan kurumlardan bir tanesidir.<\/p>\n<p><img loading=\"lazy\" decoding=\"async\" class=\"wp-image-6884 size-full aligncenter\" src=\"https:\/\/clinista.com\/wp-content\/uploads\/2021\/02\/tekirdag-sac-ekimi-merkezi.jpg\" alt=\"mardin sa\u00e7 ekim\" width=\"599\" height=\"598\" \/><\/p>\n<p>Tamamen sa\u00e7 kayb\u0131 ya\u015fayan yada sa\u00e7lar\u0131nda bir seyreklik oldu\u011fu d\u00fc\u015f\u00fcncesine varan ki\u015filerin k\u0131sa bir s\u00fcre i\u00e7inde bir uzman kadrosu bulunan bir klini\u011fe ba\u015fvurmas\u0131 gerekmektedir. Bu konuda ba\u015fvuraca\u011f\u0131n\u0131z en yetkin kliniklerden bir tanesi de Mardin Sa\u00e7 Ekimidir.<\/p>\n<h3><a href=\"https:\/\/clinista.com\/mardin-sac-ekimi\/\">Mardin Sa\u00e7 Ekim Fiyatlar\u0131<\/a><\/h3>\n<p>Sa\u00e7 Ekimi konusunda v\u00fccutta yeterli sa\u00e7 k\u00f6k\u00fcn\u00fcn bulunmas\u0131 gerekmektedir. Uzmanlar genellikle bu s\u00fcre\u00e7te v\u00fccudun, kafa k\u0131sm\u0131n\u0131n arkas\u0131 kullan\u0131lmaktad\u0131r. \u00d6zelliklede ense k\u0131sm\u0131ndan al\u0131nan k\u00f6kler ile bu i\u015flem daha sa\u011fl\u0131kl\u0131 yap\u0131lmaktad\u0131r. \u00c7\u00fcnk\u00fc bu k\u0131s\u0131mlardan al\u0131nan sa\u00e7 k\u00f6kleri daha g\u00fc\u00e7l\u00fc ve don\u00f6r b\u00f6lge olarak genellikle buras\u0131 kullan\u0131l\u0131r. Sa\u00e7 ekimi konusunda daha fazla bilgi almak i\u00e7in Mardin Sa\u00e7 Ekimi\u2019 ne ula\u015fabilirsiniz<\/p>\n","protected":false},"excerpt":{"rendered":"<p>Mardin Sa\u00e7 Ekimi Merkezi: \u0130stanbul&#8217;da Kaliteli Hizmet Erkeklik hormonuyla alakal\u0131 olan yada genetik sebeplerden dolay\u0131 ortaya \u00e7\u0131kan sa\u00e7 d\u00f6k\u00fclmesi, kad\u0131nlarda da g\u00f6r\u00fclen bir sorun haline geldi. Mardin Sa\u00e7 Ekimi arayan ki\u015filere tedavide uygulanacak tetkiklere de bak\u0131larak \u00f6nce sa\u00e7 ekimi yap\u0131lacak olan aday\u0131n bu i\u015flem i\u00e7in uygun olup olmad\u0131\u011f\u0131na bak\u0131l\u0131r. Lokal anestezi olarak ta insanlar\u0131n v\u00fccudunun [&hellip;]<\/p>\n","protected":false},"author":1,"featured_media":0,"parent":0,"menu_order":0,"comment_status":"closed","ping_status":"closed","template":"","meta":{"_acf_changed":false,"footnotes":""},"class_list":["post-6917","page","type-page","status-publish","hentry"],"acf":[],"_links":{"self":[{"href":"https:\/\/clinista.com\/tr\/wp-json\/wp\/v2\/pages\/6917","targetHints":{"allow":["GET"]}}],"collection":[{"href":"https:\/\/clinista.com\/tr\/wp-json\/wp\/v2\/pages"}],"about":[{"href":"https:\/\/clinista.com\/tr\/wp-json\/wp\/v2\/types\/page"}],"author":[{"embeddable":true,"href":"https:\/\/clinista.com\/tr\/wp-json\/wp\/v2\/users\/1"}],"replies":[{"embeddable":true,"href":"https:\/\/clinista.com\/tr\/wp-json\/wp\/v2\/comments?post=6917"}],"version-history":[{"count":0,"href":"https:\/\/clinista.com\/tr\/wp-json\/wp\/v2\/pages\/6917\/revisions"}],"wp:attachment":[{"href":"https:\/\/clinista.com\/tr\/wp-json\/wp\/v2\/media?parent=6917"}],"curies":[{"name":"wp","href":"https:\/\/api.w.org\/{rel}","templated":true}]}}