{"id":8062,"date":"2021-06-06T20:33:51","date_gmt":"2021-06-06T17:33:51","guid":{"rendered":"https:\/\/clinista.com\/?page_id=8062"},"modified":"2022-02-21T16:49:02","modified_gmt":"2022-02-21T13:49:02","slug":"batman-sac-ekimi-merkezi-fiyatlari-sac-ekimi-detaylari","status":"publish","type":"page","link":"https:\/\/clinista.com\/tr\/batman-sac-ekimi-merkezi-fiyatlari-sac-ekimi-detaylari\/","title":{"rendered":"Batman Sa\u00e7 Ekimi Merkezi Fiyatlar\u0131 Sa\u00e7 Ekimi Detaylar\u0131"},"content":{"rendered":"<p>[vc_row][vc_column][vc_empty_space][vc_column_text]<strong><a href=\"https:\/\/clinista.com\/tekirdag-sac-ekimi-merkezi\/\">Batman sa\u00e7 ekimi<\/a> <\/strong>farkl\u0131 sebeplerden dolay\u0131 sa\u00e7 kayb\u0131 ya\u015fayan ki\u015filerin gene eskisi gibi sa\u011fl\u0131kl\u0131 ve uzun \u00f6m\u00fcrl\u00fc sa\u00e7lar\u0131na tekrar kavu\u015fmak i\u00e7in ge\u00e7irdi\u011fi operasyondur. <strong><a href=\"https:\/\/clinista.com\/tekirdag-sac-ekimi-merkezi\/\">Batman Sa\u00e7 Ekimi Merkezi<\/a>\u00a0<\/strong>olarak, ge\u00e7irilen bu operasyonlar\u0131n asl\u0131nda insanlar\u0131n d\u00fc\u015f\u00fcnd\u00fc\u011f\u00fc kadar ac\u0131l\u0131 ve zor bir operasyon olmad\u0131\u011f\u0131na garanti ediyoruz. Sa\u00e7 d\u00f6k\u00fclmesinin \u00e7e\u015fitli sebepleri olabilir bunlar; do\u011fu\u015ftan genetik, sonradan ge\u00e7irilen bir kaza veya bir hastal\u0131k sebebiyle olabiliyor.<\/p>\n<p><strong>Batman Sa\u00e7 Ekimi <\/strong>y\u00f6n\u00fcnden s\u0131n\u0131rl\u0131 say\u0131da merkeze sahiptir, Clinista \u0130stanbul&#8217;da sa\u00e7 ekimi konusunda uzman ki\u015filer taraf\u0131ndan son teknolojiler kullan\u0131larak sizlere en kaliteli hizmeti sunmaktad\u0131r. Sa\u00e7 d\u00f6k\u00fclmesi genellikle ya\u015f\u0131n ilerlemesiyle artan bir durumdur. Normal \u015fartlarda g\u00fcnl\u00fck belli say\u0131da bir sa\u00e7 t\u00fcy\u00fc d\u00f6k\u00fclmesi normal kar\u015f\u0131lan\u0131r fakat bunun artt\u0131\u011f\u0131 ve a\u015f\u0131r\u0131l\u0131\u011fa ka\u00e7t\u0131\u011f\u0131 durumlarda uzman deste\u011fi almak \u015fartt\u0131r. Sa\u00e7 ekimi eskisi kadar zorlu bir s\u00fcre\u00e7 de\u011fil aksine art\u0131k h\u0131zl\u0131 ve kolay bir hal alm\u0131\u015ft\u0131r.<\/p>\n<p><a href=\"tel:+905464277372\"><img loading=\"lazy\" decoding=\"async\" class=\"aligncenter size-full wp-image-8347\" src=\"https:\/\/clinista.com\/wp-content\/uploads\/2022\/01\/ARA-sac-ekimi.png\" alt=\"\" width=\"371\" height=\"192\"><\/a><br \/>\nSa\u00e7 ekimi hangi ya\u015ftan itibaren yap\u0131l\u0131r? Sa\u00e7 ekimi uzmanlar taraf\u0131ndan \u00f6nerilen ya\u015f aral\u0131\u011f\u0131 19-20 ya\u015f itibariyle yap\u0131lmak i\u00e7in uygun g\u00f6r\u00fclmektedir. Sa\u00e7 ekiminde asl\u0131nda \u00f6nemli olan konu ki\u015finin yeterli say\u0131da dayan\u0131kl\u0131 sa\u00e7 k\u00f6k\u00fcne sahip olup olmad\u0131\u011f\u0131d\u0131r. Yeterli say\u0131da sa\u00e7 k\u00f6k\u00fc olmas\u0131yla ki\u015finin belirli b\u00f6lgelerinden al\u0131nan k\u00f6kler kellik olan k\u0131s\u0131mlara aktar\u0131larak operasyon ger\u00e7ekle\u015ftirilmektedir.<\/p>\n<h2>Batman Sa\u00e7 Ekim FUE<\/h2>\n<p>Sa\u00e7 ekiminde en \u00e7ok kullan\u0131lan y\u00f6ntemlerden biri FUE y\u00f6ntemidir. FUE y\u00f6ntemi k\u0131saca sa\u00e7 k\u00f6klerinin tek tek al\u0131n\u0131p di\u011fer seyrek olan sa\u00e7 k\u0131sm\u0131na eklenmesi i\u015flemidir. Olduk\u00e7a fazla avantajl\u0131 olan bu y\u00f6ntem insanlar taraf\u0131ndan daha s\u0131k tercih edilir. Bu y\u00f6ntem olduk\u00e7a etkili ve kellik olan k\u0131s\u0131mda g\u00fc\u00e7l\u00fc ve sa\u011fl\u0131kl\u0131 sa\u00e7 k\u00f6k\u00fcn\u00fcn \u00e7\u0131kmas\u0131n\u0131 sa\u011flamaktad\u0131r. Sa\u00e7 ekimi hemen sonu\u00e7 al\u0131nan de\u011fil daha \u00e7ok bir s\u00fcre\u00e7 olarak d\u00fc\u015f\u00fcn\u00fclmelidir. <strong>Clinista Sa\u00e7 Ekim Merkezi <\/strong>olarak bu y\u00f6ntemi uzman kadro ve \u00fcst\u00fcn sa\u011fl\u0131k teknolojisi ile sizlere sunmaktay\u0131z.<\/p>\n<p><center><img loading=\"lazy\" decoding=\"async\" class=\"alignnone wp-image-6887 size-full\" src=\"https:\/\/clinista.com\/wp-content\/uploads\/2021\/02\/van-sac-ekimi-1.jpg\" alt=\"\" width=\"600\" height=\"348\"><\/center>Bu y\u00f6ntem en do\u011fal ve en s\u0131k\u0131 sa\u00e7 g\u00f6r\u00fcn\u00fcm\u00fcne sahip olunan ba\u015far\u0131l\u0131 bir y\u00f6ntemdir. Clinista \u0130stanbul Sa\u00e7 Ekimi Merkezi Batman&#8217;dan gelen m\u00fc\u015fterilerine uzun bir s\u00fcredir bu konuda profesyonel hizmet vermektedir. Don\u00f6r b\u00f6lgelerden al\u0131nan k\u00f6kler d\u00f6k\u00fclmemeye ve daha s\u0131k\u0131 bir g\u00f6r\u00fcn\u00fcm yarat\u0131r. Bu y\u00f6ntemin avantajlar\u0131n\u0131 \u015f\u00f6yle s\u0131ralayabiliriz;<\/p>\n<p>\u25cf Kesim ve diki\u015f gerektirmeyen bir y\u00f6ntemdir.<br \/>\n\u25cf Sa\u00e7lar tek tek al\u0131n\u0131p kel olan b\u00f6lgeye yerle\u015ftirilir<br \/>\n\u25cf \u0130\u015flem ortalama 6-7 saat s\u00fcrmektedir.<br \/>\n\u25cf Ki\u015finin tercihine de dayal\u0131 olarak lokal anestezi yap\u0131labilir.<\/p>\n<p><center><a href=\"tel:+905464277372\"><img loading=\"lazy\" decoding=\"async\" class=\"alignnone wp-image-6890 size-full\" src=\"https:\/\/clinista.com\/wp-content\/uploads\/2021\/02\/van-sac-ekimi-merkezi-3.jpg\" alt=\"\" width=\"599\" height=\"598\"><\/a><\/center><\/p>\n<h3><\/h3>\n<h3><strong>Batman Sa\u00e7 Ekimi Merkezi<\/strong><\/h3>\n<p>Sa\u00e7 ekimi i\u00e7in uygun g\u00f6r\u00fclen ve uzmanlar\u0131n tavsiye etti\u011fi ya\u015f aral\u0131\u011f\u0131 22 ya\u015f ve sonras\u0131d\u0131r. Baz\u0131 ki\u015filer bu i\u015flemin 18 ya\u015fa \u00e7ekilebilece\u011fini savunsada biz daha sa\u011fl\u0131kl\u0131 olmas\u0131 a\u00e7\u0131s\u0131ndan 22 ya\u015f kriterini \u00f6nemsemekteyiz. Batman Sa\u00e7 Ekimi olarak y\u00fczlerce mutlu m\u00fc\u015fteri portfolyosuna sahibiz. Sizde sa\u00e7 d\u00f6k\u00fclmesinden rahats\u0131z ve bundan kurtulmaya karar verdiyseniz. <strong>Clinista Sa\u00e7 Ekimi Merkezi<\/strong> ekibimizle hemen ileti\u015fime ge\u00e7ebilirsiniz.[\/vc_column_text][\/vc_column][\/vc_row]<\/p>\n","protected":false},"excerpt":{"rendered":"<p>[vc_row][vc_column][vc_empty_space][vc_column_text]Batman sa\u00e7 ekimi farkl\u0131 sebeplerden dolay\u0131 sa\u00e7 kayb\u0131 ya\u015fayan ki\u015filerin gene eskisi gibi sa\u011fl\u0131kl\u0131 ve uzun \u00f6m\u00fcrl\u00fc sa\u00e7lar\u0131na tekrar kavu\u015fmak i\u00e7in ge\u00e7irdi\u011fi operasyondur. Batman Sa\u00e7 Ekimi Merkezi\u00a0olarak, ge\u00e7irilen bu operasyonlar\u0131n asl\u0131nda insanlar\u0131n d\u00fc\u015f\u00fcnd\u00fc\u011f\u00fc kadar ac\u0131l\u0131 ve zor bir operasyon olmad\u0131\u011f\u0131na garanti ediyoruz. Sa\u00e7 d\u00f6k\u00fclmesinin \u00e7e\u015fitli sebepleri olabilir bunlar; do\u011fu\u015ftan genetik, sonradan ge\u00e7irilen bir kaza veya [&hellip;]<\/p>\n","protected":false},"author":1,"featured_media":8066,"parent":0,"menu_order":0,"comment_status":"closed","ping_status":"closed","template":"","meta":{"_acf_changed":false,"footnotes":""},"class_list":["post-8062","page","type-page","status-publish","has-post-thumbnail","hentry"],"acf":[],"_links":{"self":[{"href":"https:\/\/clinista.com\/tr\/wp-json\/wp\/v2\/pages\/8062","targetHints":{"allow":["GET"]}}],"collection":[{"href":"https:\/\/clinista.com\/tr\/wp-json\/wp\/v2\/pages"}],"about":[{"href":"https:\/\/clinista.com\/tr\/wp-json\/wp\/v2\/types\/page"}],"author":[{"embeddable":true,"href":"https:\/\/clinista.com\/tr\/wp-json\/wp\/v2\/users\/1"}],"replies":[{"embeddable":true,"href":"https:\/\/clinista.com\/tr\/wp-json\/wp\/v2\/comments?post=8062"}],"version-history":[{"count":0,"href":"https:\/\/clinista.com\/tr\/wp-json\/wp\/v2\/pages\/8062\/revisions"}],"wp:featuredmedia":[{"embeddable":true,"href":"https:\/\/clinista.com\/tr\/wp-json\/wp\/v2\/media\/8066"}],"wp:attachment":[{"href":"https:\/\/clinista.com\/tr\/wp-json\/wp\/v2\/media?parent=8062"}],"curies":[{"name":"wp","href":"https:\/\/api.w.org\/{rel}","templated":true}]}}